{"id":1371,"date":"2024-02-01T18:40:02","date_gmt":"2024-02-01T17:40:02","guid":{"rendered":"http:\/\/urbansoles.duckdns.org\/?page_id=1371"},"modified":"2024-02-01T18:44:04","modified_gmt":"2024-02-01T17:44:04","slug":"elementor-1371","status":"publish","type":"page","link":"https:\/\/urbansoles.duckdns.org\/?page_id=1371","title":{"rendered":"Cookies"},"content":{"rendered":"\t\t<div data-elementor-type=\"wp-page\" data-elementor-id=\"1371\" class=\"elementor elementor-1371\">\n\t\t\t\t\t\t\t<div class=\"elementor-element elementor-element-94d510d e-flex e-con-boxed e-con e-parent\" data-id=\"94d510d\" data-element_type=\"container\" data-settings=\"{&quot;content_width&quot;:&quot;boxed&quot;}\" data-core-v316-plus=\"true\">\n\t\t\t\t\t<div class=\"e-con-inner\">\n\t\t\t\t<div class=\"elementor-element elementor-element-f34c7dd elementor-widget elementor-widget-text-editor\" data-id=\"f34c7dd\" data-element_type=\"widget\" data-widget_type=\"text-editor.default\">\n\t\t\t\t<div class=\"elementor-widget-container\">\n\t\t\t<style>\/*! elementor - v3.17.0 - 08-11-2023 *\/\n.elementor-widget-text-editor.elementor-drop-cap-view-stacked .elementor-drop-cap{background-color:#69727d;color:#fff}.elementor-widget-text-editor.elementor-drop-cap-view-framed .elementor-drop-cap{color:#69727d;border:3px solid;background-color:transparent}.elementor-widget-text-editor:not(.elementor-drop-cap-view-default) .elementor-drop-cap{margin-top:8px}.elementor-widget-text-editor:not(.elementor-drop-cap-view-default) .elementor-drop-cap-letter{width:1em;height:1em}.elementor-widget-text-editor .elementor-drop-cap{float:left;text-align:center;line-height:1;font-size:50px}.elementor-widget-text-editor .elementor-drop-cap-letter{display:inline-block}<\/style>\t\t\t\t<p><!-- wp:paragraph --><!-- \/wp:paragraph --><!-- wp:paragraph --><\/p><p><!-- \/wp:paragraph --><!-- wp:paragraph --><\/p><p>Este sitio web utiliza sus propias cookies para su correcto funcionamiento, incorporando diferentes ventajas en t\u00e9rminos de accesibilidad, usabilidad y operaci\u00f3n de sus funciones interactivas que hacen posible beneficios y experiencias de navegaci\u00f3n y uso adaptadas precisamente a las caracter\u00edsticas de cada usuario; adem\u00e1s de facilitar la detecci\u00f3n de amenazas a la seguridad del sistema.<\/p><p>Sin embargo, tambi\u00e9n integra cookies de terceros para la operaci\u00f3n de servicios de seguimiento y seguimiento estad\u00edstico para la optimizaci\u00f3n de su presencia y resultados como plataforma para la oferta y comercializaci\u00f3n de productos a trav\u00e9s de Internet.<\/p><p>El prop\u00f3sito de esta pol\u00edtica de cookies es proporcionar una comprensi\u00f3n correcta de su naturaleza y funcionamiento como elementos de programaci\u00f3n, y su capacidad para servir como un medio o mecanismo para el procesamiento de datos personales de los usuarios desde el momento en que acceden a este sitio web.<\/p><p>Es por eso que, en cumplimiento de las regulaciones espa\u00f1olas y europeas, debemos proporcionar y describir los medios disponibles para que nuestros usuarios acepten su integraci\u00f3n en los navegadores de sus dispositivos al acceder a este sitio, modular o restringir su funcionamiento efectivo, o simplemente negar completamente su uso en la medida en que sean integraciones con la capacidad de capturar y transmitir diversos datos personales, es decir, informaci\u00f3n que puede ser utilizada, en particular o en combinaci\u00f3n con identificadores \u00fanicos recibidos por los servidores, para crear perfiles e identificar a sus propietarios en relaci\u00f3n con acciones y patrones muy diversos de su vida privada.<\/p><p><!-- \/wp:list --><!-- wp:paragraph --><\/p><h2>Definici\u00f3n de Cookies<\/h2><p><!-- \/wp:paragraph --><!-- wp:paragraph --><\/p><p>Una cookie es un archivo que contiene datos transferidos desde una p\u00e1gina web al archivo de cookies del navegador de la computadora o dispositivo m\u00f3vil del usuario con diversos prop\u00f3sitos en las mismas o sucesivas sesiones.<\/p><p>Suele llevar el nombre del dominio del que se origina, incluyendo el tiempo de actividad asignado y un valor (generalmente un n\u00famero generado aleatoriamente).<\/p><p>Clasificaci\u00f3n de Cookies<\/p><p><!-- \/wp:paragraph --><!-- wp:paragraph --><\/p><h2>Propietario<\/h2><p><!-- \/wp:paragraph --><!-- wp:paragraph --><\/p><p>Cookies propias. Se env\u00edan desde el sitio web visitado al dispositivo del usuario que lo visita como parte de la programaci\u00f3n del sitio en relaci\u00f3n con diversas funciones para la entrega de su contenido y caracter\u00edsticas.<\/p><p>Cookies de terceros. Se env\u00edan por elementos de programaci\u00f3n incluidos en el sitio web por entidades colaboradoras o proveedores de diversos servicios relacionados con el acceso y uso de sitios web, con fines estrictamente relacionados con sus contenidos y servicios.<\/p><p><!-- \/wp:paragraph --><!-- wp:paragraph --><\/p><h2>Duraci\u00f3n<\/h2><p><!-- \/wp:paragraph --><!-- wp:paragraph --><\/p><p>Cookies de sesi\u00f3n. Sin una fecha de finalizaci\u00f3n en su programaci\u00f3n, son temporales y se limitan a la sesi\u00f3n en la p\u00e1gina web visitada, lo que determina su eliminaci\u00f3n completa del navegador y dispositivo del usuario.<\/p><p>Cookies permanentes. Tienen una fecha de uso de acuerdo con el prop\u00f3sito para el cual fueron creadas, permaneciendo en el dispositivo del usuario hasta entonces.<\/p><p><!-- \/wp:paragraph --><!-- wp:paragraph --><\/p><h2>Categor\u00eda<\/h2><p><!-- \/wp:paragraph --><!-- wp:paragraph --><\/p><p>Cookies t\u00e9cnicas. Utilizadas para el correcto funcionamiento y navegaci\u00f3n del sitio web, controlando el tr\u00e1fico web, el acceso de usuarios registrados a \u00e1reas o secciones restringidas, gesti\u00f3n de datos y gesti\u00f3n de contenido en el caso de redes sociales, gesti\u00f3n de procesos de compra en tiendas virtuales, etc., entre sus posibles funciones.<\/p><p>Cookies anal\u00edticas. Utilizadas para la gesti\u00f3n de medidas estad\u00edsticas relacionadas con el tr\u00e1fico de usuarios en el sitio web, incluyendo sus patrones de comportamiento y preferencias en su uso, permitiendo estrategias y acciones para la mejora u optimizaci\u00f3n de sus contenidos y servicios.<\/p><p>Cookies de personalizaci\u00f3n. Permiten el acceso del usuario a secciones, contenidos, funciones, productos y\/o servicios de acuerdo con caracter\u00edsticas predefinidas basadas en el perfil del usuario para una experiencia personalizada.<\/p><p>Cookies publicitarias. Dedicadas espec\u00edficamente a la realizaci\u00f3n de medidas y estad\u00edsticas para la optimizaci\u00f3n de campa\u00f1as publicitarias aplicadas al sitio web seg\u00fan criterios como el contenido editado o la frecuencia en la que deben mostrarse los anuncios.<\/p><p>Cookies de publicidad conductual. Permiten medidas y estad\u00edsticas dirigidas a la optimizaci\u00f3n de campa\u00f1as publicitarias aplicadas al sitio web seg\u00fan criterios resultantes de la observaci\u00f3n y an\u00e1lisis de los h\u00e1bitos de navegaci\u00f3n del usuario seg\u00fan su ubicaci\u00f3n geogr\u00e1fica (a trav\u00e9s de la conexi\u00f3n IP), caracter\u00edsticas personales (edad, g\u00e9nero, direcci\u00f3n, estado civil, etc.) e identificaci\u00f3n de anuncios mostrados previamente y su n\u00famero, para la creaci\u00f3n de un perfil que determine los elementos publicitarios a mostrar y su frecuencia.<\/p><p><!-- \/wp:paragraph --><!-- wp:paragraph --><\/p><h2>Referencia Legal<\/h2><p><!-- \/wp:paragraph --><!-- wp:paragraph --><\/p><p>El art\u00edculo 22.2 de la Ley 34\/2002, de 11 de julio de 2002, sobre servicios de la sociedad de la informaci\u00f3n y comercio electr\u00f3nico, despu\u00e9s de su modificaci\u00f3n por el Real Decreto-Ley 13\/2012, de 30 de marzo, establece:<\/p><p>\u201c2. Los prestadores de servicios podr\u00e1n utilizar dispositivos de almacenamiento y recuperaci\u00f3n de datos en equipos terminales de los destinatarios, a condici\u00f3n de que los destinatarios hayan dado su consentimiento despu\u00e9s de que se les haya facilitado informaci\u00f3n clara y completa sobre su utilizaci\u00f3n, en particular, sobre los fines del tratamiento de los datos, de conformidad con lo dispuesto en la Ley Org\u00e1nica 15\/1999, de 13 de diciembre, de Protecci\u00f3n de Datos de Car\u00e1cter Personal.<\/p><p>Cuando sea t\u00e9cnicamente posible y eficaz, el consentimiento del destinatario para aceptar el tratamiento de los datos podr\u00e1 facilitarse mediante el uso de los ajustes adecuados del navegador u otras aplicaciones, siempre que el destinatario deba proceder a su configuraci\u00f3n durante su instalaci\u00f3n o actualizaci\u00f3n mediante una acci\u00f3n expresa a tal efecto.<\/p><p>Lo anterior no impedir\u00e1 el posible almacenamiento o acceso de naturaleza t\u00e9cnica al solo fin de efectuar la transmisi\u00f3n de una comunicaci\u00f3n por una red de comunicaciones electr\u00f3nicas o, en la medida estrictamente necesaria, para la prestaci\u00f3n de un servicio de la sociedad de la informaci\u00f3n expresamente solicitado por el destinatario.\u201d<\/p><p>Por lo tanto, quedan exentas del cumplimiento de las obligaciones establecidas en este art\u00edculo aquellas cookies cuyo prop\u00f3sito sea:<\/p><p>Permitir \u00fanicamente la comunicaci\u00f3n entre el equipo del usuario y la red. Estrictamente para proporcionar un servicio expresamente solicitado por el usuario. El Grupo de Trabajo del Art\u00edculo 29 (GT 29), creado por la Directiva 95\/46\/CE de la Uni\u00f3n Europea, realiza una interpretaci\u00f3n de este art\u00edculo en su Opini\u00f3n 4\/20123, determinando la exclusi\u00f3n de cookies que cumplan alguno de los siguientes prop\u00f3sitos:<\/p><p><!-- \/wp:paragraph --><!-- wp:paragraph --><\/p><p><!-- \/wp:paragraph --><!-- wp:paragraph --><\/p><p>\u00a0<\/p><p><!-- \/wp:paragraph --><\/p>\t\t\t\t\t\t<\/div>\n\t\t\t\t<\/div>\n\t\t\t\t\t<\/div>\n\t\t\t\t<\/div>\n\t\t\t\t\t\t\t<\/div>\n\t\t","protected":false},"excerpt":{"rendered":"<p>Este sitio web utiliza sus propias cookies para su correcto funcionamiento, incorporando diferentes ventajas en t\u00e9rminos de accesibilidad, usabilidad y operaci\u00f3n de sus funciones interactivas que hacen posible beneficios y [&hellip;]<\/p>\n","protected":false},"author":1,"featured_media":0,"parent":0,"menu_order":0,"comment_status":"closed","ping_status":"closed","template":"","meta":{"footnotes":""},"class_list":["post-1371","page","type-page","status-publish","hentry"],"_links":{"self":[{"href":"https:\/\/urbansoles.duckdns.org\/index.php?rest_route=\/wp\/v2\/pages\/1371","targetHints":{"allow":["GET"]}}],"collection":[{"href":"https:\/\/urbansoles.duckdns.org\/index.php?rest_route=\/wp\/v2\/pages"}],"about":[{"href":"https:\/\/urbansoles.duckdns.org\/index.php?rest_route=\/wp\/v2\/types\/page"}],"author":[{"embeddable":true,"href":"https:\/\/urbansoles.duckdns.org\/index.php?rest_route=\/wp\/v2\/users\/1"}],"replies":[{"embeddable":true,"href":"https:\/\/urbansoles.duckdns.org\/index.php?rest_route=%2Fwp%2Fv2%2Fcomments&post=1371"}],"version-history":[{"count":5,"href":"https:\/\/urbansoles.duckdns.org\/index.php?rest_route=\/wp\/v2\/pages\/1371\/revisions"}],"predecessor-version":[{"id":1376,"href":"https:\/\/urbansoles.duckdns.org\/index.php?rest_route=\/wp\/v2\/pages\/1371\/revisions\/1376"}],"wp:attachment":[{"href":"https:\/\/urbansoles.duckdns.org\/index.php?rest_route=%2Fwp%2Fv2%2Fmedia&parent=1371"}],"curies":[{"name":"wp","href":"https:\/\/api.w.org\/{rel}","templated":true}]}}