{"id":1378,"date":"2024-02-01T18:48:11","date_gmt":"2024-02-01T17:48:11","guid":{"rendered":"http:\/\/urbansoles.duckdns.org\/?page_id=1378"},"modified":"2024-02-01T18:59:55","modified_gmt":"2024-02-01T17:59:55","slug":"elementor-1378","status":"publish","type":"page","link":"https:\/\/urbansoles.duckdns.org\/?page_id=1378","title":{"rendered":"Pol\u00edtica de Privacidad"},"content":{"rendered":"\t\t<div data-elementor-type=\"wp-page\" data-elementor-id=\"1378\" class=\"elementor elementor-1378\">\n\t\t\t\t\t\t\t<div class=\"elementor-element elementor-element-3d4f6ad e-flex e-con-boxed e-con e-parent\" data-id=\"3d4f6ad\" data-element_type=\"container\" data-settings=\"{&quot;content_width&quot;:&quot;boxed&quot;}\" data-core-v316-plus=\"true\">\n\t\t\t\t\t<div class=\"e-con-inner\">\n\t\t\t\t<div class=\"elementor-element elementor-element-783592e elementor-widget elementor-widget-text-editor\" data-id=\"783592e\" data-element_type=\"widget\" data-widget_type=\"text-editor.default\">\n\t\t\t\t<div class=\"elementor-widget-container\">\n\t\t\t<style>\/*! elementor - v3.17.0 - 08-11-2023 *\/\n.elementor-widget-text-editor.elementor-drop-cap-view-stacked .elementor-drop-cap{background-color:#69727d;color:#fff}.elementor-widget-text-editor.elementor-drop-cap-view-framed .elementor-drop-cap{color:#69727d;border:3px solid;background-color:transparent}.elementor-widget-text-editor:not(.elementor-drop-cap-view-default) .elementor-drop-cap{margin-top:8px}.elementor-widget-text-editor:not(.elementor-drop-cap-view-default) .elementor-drop-cap-letter{width:1em;height:1em}.elementor-widget-text-editor .elementor-drop-cap{float:left;text-align:center;line-height:1;font-size:50px}.elementor-widget-text-editor .elementor-drop-cap-letter{display:inline-block}<\/style>\t\t\t\t\n\n    <h2>1. RESPONSABLE<\/h2>\n    <p>A continuaci\u00f3n se muestra el nombre del propietario y administrador de este sitio web, responsable de la determinaci\u00f3n de los fines y medios del procesamiento de datos personales:<\/p>\n    <p>Nombre: URBANSOLES<\/p>\n    <p>CIF: B87880241<\/p>\n    <p>Direcci\u00f3n Legal: Calle San Joaqu\u00edn, 16 Local 4 28004 Madrid (Espa\u00f1a)<\/p>\n    <p>Tel\u00e9fono: +34 123 456 789<\/p>\n    <p>Correo Electr\u00f3nico: atencioncliente@urbansoles.com<\/p>\n\n    <h2>2. PROCESAMIENTO<\/h2>\n    <p>El propietario de este sitio web es responsable del procesamiento de diferentes categor\u00edas de datos personales como parte de su actividad de oferta y marketing a trav\u00e9s de Internet.<\/p>\n    <p>CONCEPTOS RELATIVOS AL PROCESAMIENTO.<\/p>\n    <p>EL PROCESAMIENTO DE DATOS PERSONALES REALIZADO POR EL RESPONSABLE COMPARTE LOS ELEMENTOS DEFINIDOS A CONTINUACI\u00d3N:<\/p>\n    <p>Procesamiento de datos personales.<\/p>\n    <p>Prop\u00f3sito: prop\u00f3sito para el cual se procesan los datos personales, incluidos los plazos y criterios para su almacenamiento.<\/p>\n    <p>Legitimidad: base legal que justifica el procesamiento, as\u00ed como la obligaci\u00f3n o no de proporcionarlos y las consecuencias de no hacerlo.<\/p>\n    <p>Destinatarios: persona natural o jur\u00eddica, autoridad p\u00fablica, servicio u organismo a quien se transfieren los datos personales.<\/p>\n    <p>Derechos: correspondientes a los interesados que poseen los datos personales.<\/p>\n    <p>El Responsable del Tratamiento ofrece su colaboraci\u00f3n para la aclaraci\u00f3n de cualquiera de los conceptos anteriores, desarrollados en esta secci\u00f3n.<\/p>\n    <p>Detalles sobre el procesamiento.<\/p>\n    <p>La tabla a continuaci\u00f3n muestra los tratamientos realizados por el Responsable del Tratamiento:<\/p>\n    <p>TRATAMIENTO 1<\/p>\n    <p>Prop\u00f3sito.<\/p>\n    <p>Gesti\u00f3n de solicitudes de informaci\u00f3n relacionadas con la oferta y marketing del Responsable del Tratamiento.<\/p>\n    <p>El plazo de retenci\u00f3n de los datos por parte del Responsable del Tratamiento ser\u00e1 el correspondiente al per\u00edodo para el an\u00e1lisis de la consulta y la entrega de la informaci\u00f3n solicitada, a menos que el interesado indique su intenci\u00f3n de realizar otra consulta o comprar producto\/s.<\/p>\n    <p>Legitimidad.<\/p>\n    <p>El consentimiento del usuario, expresado inequ\u00edvocamente con la selecci\u00f3n del checkbox requerido para enviar el formulario de consulta.<\/p>\n    <p>El inter\u00e9s del Responsable del Tratamiento en responder a las solicitudes de informaci\u00f3n recibidas como parte de su actividad comercial a trav\u00e9s de Internet.<\/p>\n    <p>El inter\u00e9s del Responsable del Tratamiento en mejorar la seguridad, prevenir fraudes y mejorar los procesos de atenci\u00f3n al cliente en los procesos de consulta.<\/p>\n    <p>En los tres casos, los formularios de contacto incluyen campos obligatorios para su env\u00edo. La falta de proporcionar estos datos evitar\u00e1 la solicitud y el procesamiento de la consulta por este medio.<\/p>\n    <p>Destinatarios.<\/p>\n    <p>No hay destinatarios.<\/p>\n    <p>La gesti\u00f3n de consultas y solicitudes de informaci\u00f3n se realiza entre el usuario solicitante y el Responsable del Tratamiento.<\/p>\n    <p>Directores.<\/p>\n    <p>No hay destinatarios.<\/p>\n    <p>Excepciones solo impuestas por obligaciones legales.<\/p>\n    <p>No se realiza ninguna transferencia.<\/p>\n    <p>No se realiza ninguna transferencia internacional de datos personales.<\/p>\n    <p>Derechos.<\/p>\n    <p>Derechos de acceso, rectificaci\u00f3n, supresi\u00f3n, limitaci\u00f3n, portabilidad y oposici\u00f3n.<\/p>\n    <p>Derecho a retirar el consentimiento otorgado en cualquier momento sin afectar la legalidad del procesamiento basado en dicho consentimiento.<\/p>\n    <p>Derecho a presentar una queja ante la autoridad de supervisi\u00f3n de protecci\u00f3n de datos competente.<\/p>\n\n    <p>TRATAMIENTO 2<\/p>\n    <p>Prop\u00f3sito.<\/p>\n    <p>Gesti\u00f3n de pedidos y compra-venta de productos a trav\u00e9s de la plataforma de comercio electr\u00f3nico.<\/p>\n    <p>Los datos recopilados en este caso se almacenar\u00e1n durante un per\u00edodo de 3 a\u00f1os para cumplir con los requisitos legales asociados a las transacciones comerciales realizadas.<\/p>\n    <p>Prop\u00f3sito.<\/p>\n    <p>Gestionar pedidos y compra-venta de productos a trav\u00e9s de la plataforma de comercio electr\u00f3nico.<\/p>\n    <p>Legitimidad.<\/p>\n    <p>La relaci\u00f3n contractual establecida entre el titular de los datos personales y el Responsable del Tratamiento.<\/p>\n    <p>El formulario de recopilaci\u00f3n de datos para el inicio de la transacci\u00f3n comercial, o para la aceptaci\u00f3n de medidas precontractuales, o en su caso, el formato f\u00edsico entregado al cliente para su aceptaci\u00f3n, contendr\u00e1 la referencia completa al procesamiento de datos personales.<\/p>\n    <p>Procesamiento de datos personales.<\/p>\n    <p>En ambos casos, los formularios de contacto incluyen campos obligatorios para su env\u00edo. La falta de proporcionar estos datos evitar\u00e1 la solicitud y el procesamiento de la consulta por este medio.<\/p>\n    <p>Destinatarios.<\/p>\n    <p>Terceros relacionados con el producto\/s contratado\/s, como servicios de transporte y plataformas de procesamiento de pagos en l\u00ednea.<\/p>\n    <p>Servicios de terceros.<\/p>\n    <p>Excepciones solo impuestas por obligaciones legales.<\/p>\n    <p>La operaci\u00f3n de medios de pago gestionados por empresas ubicadas fuera de Espa\u00f1a, as\u00ed como la direcci\u00f3n de entrega indicada por el comprador, puede implicar la transmisi\u00f3n internacional de datos personales, en cuyo caso se observar\u00e1n las disposiciones y condiciones impuestas por la legislaci\u00f3n, entidades y autoridades de control regulatorio para garantizar que los datos transferidos reciban protecci\u00f3n equivalente a la del marco europeo.<\/p>\n    <p>Los datos transferidos se tratar\u00e1n de acuerdo con las disposiciones y condiciones impuestas por la legislaci\u00f3n, entidades y autoridades de control regulatorio para garantizar que los datos transferidos reciban protecci\u00f3n equivalente a la del marco europeo.<\/p>\n    <p>Derechos.<\/p>\n    <p>Derechos de acceso, rectificaci\u00f3n, supresi\u00f3n, limitaci\u00f3n, portabilidad y oposici\u00f3n.<\/p>\n    <p>Derecho a retirar el consentimiento otorgado en cualquier momento sin afectar la legalidad del procesamiento basado en dicho consentimiento.<\/p>\n    <p>Derecho a presentar una queja ante la autoridad de supervisi\u00f3n de protecci\u00f3n de datos competente.<\/p>\n\n    <h2>3. EJERCICIO DE DERECHOS<\/h2>\n    <p>Cualquier usuario de este sitio web, as\u00ed como los compradores de sus productos, tienen la oportunidad de ejercer los derechos reconocidos por las regulaciones nacionales e internacionales aplicables contra el Responsable del Tratamiento.<\/p>\n    <p>Derechos del Responsable del Tratamiento.<\/p>\n    <p>Derechos Ejercitables<\/p>\n    <p>Derecho a solicitar acceso a los datos personales, para conocer qu\u00e9 datos se procesan y en qu\u00e9 consisten exactamente.<\/p>\n    <p>Derecho a solicitar su rectificaci\u00f3n, para corregir inexactitudes o datos obsoletos.<\/p>\n    <p>Derecho a solicitar su supresi\u00f3n, si es posible.<\/p>\n    <p>Derecho a solicitar la limitaci\u00f3n de su procesamiento, en caso de dudas sobre la legalidad o adecuaci\u00f3n de su prop\u00f3sito, legitimidad, duraci\u00f3n de almacenamiento u otras cuestiones sobre el procesamiento, as\u00ed como su precisi\u00f3n o actualizaci\u00f3n.<\/p>\n    <p>Derecho a la portabilidad de datos, cuando la legitimaci\u00f3n para el procesamiento es la relaci\u00f3n contractual o el consentimiento del interesado.<\/p>\n    <p>Derecho a oponerse al procesamiento, cuando la legitimaci\u00f3n para el procesamiento es el inter\u00e9s leg\u00edtimo.<\/p>\n    <p>El Responsable del Tratamiento ofrece su colaboraci\u00f3n para la aclaraci\u00f3n de cualquiera de los conceptos y definiciones anteriores.<\/p>\n    <p>Retirada del Consentimiento<\/p>\n    <p>El consentimiento dado para cualquier procesamiento espec\u00edfico de sus datos personales puede retirarse en cualquier momento, sin afectar la legalidad del procesamiento basado en el consentimiento posteriormente retirado.<\/p>\n    <p>Procedimiento<\/p>\n    <p>El interesado puede ejercer cualquiera de los derechos descritos en esta secci\u00f3n comunic\u00e1ndose con el Responsable del Tratamiento, proporcionando necesariamente la siguiente informaci\u00f3n:<\/p>\n    <p>Nombre completo<\/p>\n    <p>Medios de contacto (direcci\u00f3n de correo electr\u00f3nico y n\u00famero de tel\u00e9fono o fax).<\/p>\n    <p>Copia del DNI.<\/p>\n    <p>Copia del DNI\/NIE, pasaporte o documento equivalente.<\/p>\n    <p>Identificaci\u00f3n de los datos personales y el\/los derecho(s) que pretenden ejercer.<\/p>\n    <p>Todo lo anterior puede enviarse a la atenci\u00f3n del Responsable del Tratamiento por correo electr\u00f3nico o correo ordinario a:<\/p>\n    <p>Responsable: URBANSOLES<\/p>\n    <p>Direcci\u00f3n: Calle San Joaqu\u00edn, 16 Local 4 28004 Madrid (Espa\u00f1a)<\/p>\n    <p>Tel\u00e9fono: +34 910 267 996<\/p>\n    <p>Correo Electr\u00f3nico: atencioncliente@urbansoles.com<\/p>\n    <p>El Responsable se reserva el derecho de solicitar m\u00e1s informaci\u00f3n o identificadores adicionales.<\/p>\n\n    <h2>4. COOKIES<\/h2>\n    <p>La especialidad de este apartado dentro de los t\u00e9rminos y condiciones que rigen el procesamiento de datos personales nos aconseja dedicar una secci\u00f3n especial dentro de este sitio web, que puede consultarse por los usuarios interesados bajo el t\u00edtulo USO DE COOKIES.<\/p>\n\n    <h2>5. PRINCIPIOS DE TRABAJO<\/h2>\n    <p>El Responsable se esfuerza por aplicar estrictamente principios de conducta basados en el cumplimiento de las regulaciones de protecci\u00f3n de datos personales, incluido el conocimiento y la aplicaci\u00f3n pr\u00e1ctica de las opiniones de las autoridades de supervisi\u00f3n y la jurisprudencia de jurisdicciones ordinarias y constitucionales.<\/p>\n    <p>Principio de Necesidad<\/p>\n    <p>Impone un tratamiento restrictivo de los datos personales proporcionados u obtenidos, seg\u00fan criterios de relevancia, proporcionalidad y adecuaci\u00f3n a los fines propuestos, expl\u00edcitos y leg\u00edtimos que son propios para satisfacer las necesidades de la oferta y el marketing de este sitio web.<\/p>\n    <p>Principio de Informaci\u00f3n<\/p>\n    <p>Obliga a una descripci\u00f3n clara y sencilla de las circunstancias y condiciones del procesamiento y la solicitud de autorizaci\u00f3n para lo mismo, seg\u00fan criterios de concisi\u00f3n, transparencia y facilidad de comprensi\u00f3n y acceso.<\/p>\n    <p>Principio de Exactitud<\/p>\n    <p>Requiere la implementaci\u00f3n de prevenci\u00f3n activa y procedimientos para garantizar la autenticidad, veracidad, precisi\u00f3n y validez de los datos personales procesados tan pronto como se recopilan.<\/p>\n    <p>Principio de Seguridad<\/p>\n    <p>Reclama la implementaci\u00f3n de medidas de seguridad t\u00e9cnicas y organizativas adecuadas para garantizar la integridad, confidencialidad, disponibilidad y resistencia de los sistemas y archivos relacionados con el procesamiento, y de los datos procesados.<\/p>\n    <p>Principio de Control Personal<\/p>\n    <p>Determina los est\u00e1ndares m\u00e1s altos en la selecci\u00f3n, capacitaci\u00f3n y supervisi\u00f3n de cualquier persona a cargo del procesamiento de datos personales, en caso de ser necesario contratar a dicha persona, basados en criterios de calificaci\u00f3n, conocimiento, competencia y idoneidad profesional.<\/p>\n    <p>Principio de Atenci\u00f3n<\/p>\n    <p>Proporciona una respuesta adecuada y r\u00e1pida a cualquier solicitud de informaci\u00f3n adicional, consulta, duda o apoyo a interesados y terceros en relaci\u00f3n con sus datos personales; especialmente para garantizar la efectividad de los derechos de acceso, rectificaci\u00f3n, supresi\u00f3n, limitaci\u00f3n, portabilidad y oposici\u00f3n de acuerdo con el marco normativo aplicable.<\/p>\n\n    <h2>Seguridad<\/h2>\n    <p>El Responsable se esfuerza por combinar experiencia legal y t\u00e9cnica en la creaci\u00f3n y operaci\u00f3n de este sitio web para garantizar el cumplimiento total de las leyes y regulaciones aplicables sobre el procesamiento de datos personales.<\/p>\n    <p>Protecci\u00f3n de Datos por Dise\u00f1o y por Defecto<\/p>\n    <p>Durante la creaci\u00f3n de este sitio web, se optimizaron medidas t\u00e9cnicas y organizativas en previsi\u00f3n del procesamiento de datos para asegurar que, por defecto, solo se procesen los datos estrictamente necesarios para cada fin, teniendo en cuenta tambi\u00e9n su cantidad, alcance de procesamiento, per\u00edodo de almacenamiento y accesibilidad limitada a la decisi\u00f3n del Responsable.<\/p>\n\n    <h2>6. SEGURIDAD EN EL PROCESAMIENTO<\/h2>\n    <p>La naturaleza, alcance, contexto y prop\u00f3sito de las operaciones de procesamiento a realizar, as\u00ed como los posibles riesgos de probabilidad y gravedad para los derechos y libertades de los interesados, han sido factores determinantes al evaluar las medidas de seguridad aplicables a cada proceso.<\/p>\n    <p>En cualquier caso, se ha realizado una evaluaci\u00f3n del riesgo que plantea el procesamiento de datos en caso de destrucci\u00f3n, p\u00e9rdida o alteraci\u00f3n intencional o accidental para determinar las medidas t\u00e9cnicas y organizativas m\u00e1s adecuadas para garantizar la confidencialidad, integridad, disponibilidad y resistencia de los sistemas y archivos involucrados en cada procesamiento, as\u00ed como de los datos procesados espec\u00edficamente.<\/p>\n    <p>Adem\u00e1s, se han articulado medidas para garantizar una r\u00e1pida restauraci\u00f3n de los datos y el acceso a los mismos en caso de cualquier incidente.<\/p>\n    <p>Conclusi\u00f3n con una pol\u00edtica de revisiones peri\u00f3dicas para la correcta evaluaci\u00f3n y verificaci\u00f3n de la efectividad de las medidas descritas en esta secci\u00f3n.<\/p>\n    <p>Procedimiento para Brechas de Seguridad<\/p>\n    <p>Ante el riesgo de posibles brechas de seguridad en el sistema que puedan afectar el correcto procesamiento de datos personales, se ha desarrollado un protocolo que incluye:<\/p>\n    <p>Notificaci\u00f3n a la autoridad de supervisi\u00f3n competente dentro de las 72 horas de la ocurrencia de la brecha.<\/p>\n    <p>Notificaci\u00f3n inmediata, clara y comprensible de la brecha de seguridad a los titulares de los datos personales cuando haya un riesgo verificable para sus derechos.<\/p>\n    <p>An\u00e1lisis de sus causas, efectos y medidas implementadas para su correcci\u00f3n, as\u00ed como la documentaci\u00f3n de cada una.<\/p>\n    <p>Este protocolo ha sido probado y verificado.<\/p>\n\n    <h2>7. LIMITACI\u00d3N DE RESPONSABILIDAD<\/h2>\n    <p>Los usuarios de este sitio web son responsables de la precisi\u00f3n y calidad de los datos proporcionados al Responsable en cuanto a su autenticidad, veracidad, precisi\u00f3n y validez, y deben comunicar cualquier modificaci\u00f3n o incidente relacionado con lo mismo despu\u00e9s de su entrega.<\/p>\n    <p>Tambi\u00e9n son responsables de los datos de terceros proporcionados, debiendo obtener el consentimiento correspondiente, sin perjuicio de las acciones llevadas a cabo por el Responsable para adaptar tratamientos o situaciones irregulares o ilegales.<\/p>\n    <p>Los menores no podr\u00e1n contratar los productos ofrecidos en el cat\u00e1logo comercial de este sitio web, ni enviar ninguna informaci\u00f3n o consulta a trav\u00e9s de sus formularios o buzones de contacto sin la autorizaci\u00f3n de sus padres, tutores o representantes legales, quienes ser\u00e1n en cualquier caso responsables de dichas acciones.<\/p>\n\n    <h2>8. TERMINOLOG\u00cdA<\/h2>\n    <p>Las definiciones en esta secci\u00f3n aclaran la comprensi\u00f3n de la informaci\u00f3n sobre el procesamiento de datos en esta secci\u00f3n.<\/p>\n    <p>Datos personales: cualquier informaci\u00f3n relacionada con una persona natural identificada o identificable (\u00absujeto de datos\u00bb), cuya identidad pueda establecerse, directa o indirectamente, mediante un identificador.<\/p>\n    <p>Procesamiento: cualquier operaci\u00f3n o conjunto de operaciones que se realiza sobre datos personales o conjuntos de datos personales (recopilaci\u00f3n, registro, organizaci\u00f3n, estructuraci\u00f3n, almacenamiento, adaptaci\u00f3n o alteraci\u00f3n, recuperaci\u00f3n, consulta, uso, divulgaci\u00f3n por transmisi\u00f3n, difusi\u00f3n o de cualquier otra manera poner a disposici\u00f3n, alineaci\u00f3n o combinaci\u00f3n, restricci\u00f3n, eliminaci\u00f3n o destrucci\u00f3n).<\/p>\n    <p>Limitaci\u00f3n de procesamiento: el marcado de datos personales retenidos con el fin de limitar su procesamiento en el futuro.<\/p>\n    <p>Tercero: persona natural o jur\u00eddica, autoridad p\u00fablica, servicio u organismo que no sea el interesado, el Responsable, el encargado y las personas autorizadas para procesar datos personales bajo la autoridad directa del Responsable o del encargado.<\/p>\n    <p>Consentimiento del interesado: indicaci\u00f3n libre, espec\u00edfica, informada e inequ\u00edvoca de la conformidad del interesado, ya sea mediante una declaraci\u00f3n o mediante una acci\u00f3n afirmativa clara, para el procesamiento de datos personales relacionados con \u00e9l.<\/p>\n    <p>Seudonimizaci\u00f3n: el procesamiento de datos personales de tal manera que ya no puedan atribuirse a un interesado sin utilizar informaci\u00f3n adicional, siempre que dicha informaci\u00f3n adicional est\u00e9 identificada por separado y est\u00e9 sujeta a medidas t\u00e9cnicas y organizativas destinadas a garantizar que los datos personales no se atribuyan a una persona natural identificada o identificable.<\/p>\n    <p>Responsable o responsable: persona natural o jur\u00eddica, autoridad p\u00fablica, servicio u otro organismo que, solo o junto con otros, determina los fines y medios del procesamiento.<\/p>\n    <p>Autoridad de control: la autoridad p\u00fablica independiente establecida por un Estado miembro de la Uni\u00f3n Europea.<\/p>\n    <p>Procesamiento transfronterizo: a) procesamiento de datos personales realizado en el contexto de las actividades de establecimientos en m\u00e1s de un Estado miembro de un Responsable o un encargado en la Uni\u00f3n, si el Responsable o el encargado est\u00e1 establecido en m\u00e1s de un Estado miembro; o b) procesamiento de datos personales realizado en el contexto de las actividades de un solo establecimiento de un Responsable o un encargado en la Uni\u00f3n, pero que afecta sustancialmente o es probable que afecte sustancialmente a interesados en m\u00e1s de un Estado miembro.<\/p>\n    <p>Supervisi\u00f3n \u00fanica: la autoridad de control principal con respecto al procesamiento transfronterizo en virtud del principio de establecimiento.<\/p>\n    <p>Violaci\u00f3n de seguridad: una violaci\u00f3n de la seguridad que conduce a la destrucci\u00f3n, p\u00e9rdida o alteraci\u00f3n accidental o il\u00edcita de datos personales transmitidos, almacenados o procesados de otra manera, o la comunicaci\u00f3n no autorizada o el acceso a dichos datos.<\/p>\n\n    <h2>9. JURISDICCI\u00d3N<\/h2>\n    <p>Este sitio web est\u00e1 dirigido principalmente a usuarios residentes en Espa\u00f1a, y cualquier controversia relacionada con la interpretaci\u00f3n o ejecuci\u00f3n de los t\u00e9rminos y condiciones, as\u00ed como cualquier reclamaci\u00f3n derivada de su uso, ser\u00e1 competencia de los tribunales ordinarios de Madrid, con renuncia expresa a cualquier otro fuero que pudiera corresponder.<\/p>\n    <p>En cambio, se establece expresamente que las partes intentar\u00e1n resolver cualquier disputa de manera amistosa antes de recurrir a la jurisdicci\u00f3n competente.<\/p>\n\n    <h2>10. MODIFICACIONES<\/h2>\n    <p>Los t\u00e9rminos y condiciones que rigen el procesamiento de datos personales realizados por el Responsable pueden ser modificados o actualizados en cualquier momento, especialmente para adaptarse a cambios legislativos, jurisprudenciales o tecnol\u00f3gicos.<\/p>\n    <p>En este sentido, se publicar\u00e1 la versi\u00f3n actualizada en este sitio web, y se enviar\u00e1 un aviso por correo electr\u00f3nico a los usuarios registrados, con una antelaci\u00f3n razonable.<\/p>\n    <p>Se considera que el usuario acepta las modificaciones o actualizaciones si contin\u00faa utilizando este sitio web despu\u00e9s de la fecha de entrada en vigor de dichas modificaciones o actualizaciones.<\/p>\n\t\t\t\t\t\t<\/div>\n\t\t\t\t<\/div>\n\t\t\t\t\t<\/div>\n\t\t\t\t<\/div>\n\t\t\t\t\t\t\t<\/div>\n\t\t","protected":false},"excerpt":{"rendered":"<p>1. RESPONSABLE A continuaci\u00f3n se muestra el nombre del propietario y administrador de este sitio web, responsable de la determinaci\u00f3n de los fines y medios del procesamiento de datos personales: [&hellip;]<\/p>\n","protected":false},"author":1,"featured_media":0,"parent":0,"menu_order":0,"comment_status":"closed","ping_status":"closed","template":"","meta":{"footnotes":""},"class_list":["post-1378","page","type-page","status-publish","hentry"],"_links":{"self":[{"href":"https:\/\/urbansoles.duckdns.org\/index.php?rest_route=\/wp\/v2\/pages\/1378","targetHints":{"allow":["GET"]}}],"collection":[{"href":"https:\/\/urbansoles.duckdns.org\/index.php?rest_route=\/wp\/v2\/pages"}],"about":[{"href":"https:\/\/urbansoles.duckdns.org\/index.php?rest_route=\/wp\/v2\/types\/page"}],"author":[{"embeddable":true,"href":"https:\/\/urbansoles.duckdns.org\/index.php?rest_route=\/wp\/v2\/users\/1"}],"replies":[{"embeddable":true,"href":"https:\/\/urbansoles.duckdns.org\/index.php?rest_route=%2Fwp%2Fv2%2Fcomments&post=1378"}],"version-history":[{"count":5,"href":"https:\/\/urbansoles.duckdns.org\/index.php?rest_route=\/wp\/v2\/pages\/1378\/revisions"}],"predecessor-version":[{"id":1383,"href":"https:\/\/urbansoles.duckdns.org\/index.php?rest_route=\/wp\/v2\/pages\/1378\/revisions\/1383"}],"wp:attachment":[{"href":"https:\/\/urbansoles.duckdns.org\/index.php?rest_route=%2Fwp%2Fv2%2Fmedia&parent=1378"}],"curies":[{"name":"wp","href":"https:\/\/api.w.org\/{rel}","templated":true}]}}