{"id":1018,"date":"2024-01-16T08:55:33","date_gmt":"2024-01-16T07:55:33","guid":{"rendered":"http:\/\/urbansoles.duckdns.org\/?post_type=product&#038;p=1018"},"modified":"2024-02-10T23:16:16","modified_gmt":"2024-02-10T22:16:16","slug":"converse-comme-des-garcons","status":"publish","type":"product","link":"https:\/\/urbansoles.duckdns.org\/?product=converse-comme-des-garcons","title":{"rendered":"CONVERSE COMME DES GAR\u00c7ONS"},"content":{"rendered":"<p>Las zapatillas Converse x Comme des Gar\u00e7ons reflejan la colaboraci\u00f3n \u00fanica entre dos \u00edconos de la moda. Con su dise\u00f1o de perfil bajo y la cl\u00e1sica lona, estas zapatillas destacan por su elegancia sutil y audaces detalles. El coraz\u00f3n con ojos de la marca Comme des Gar\u00e7ons a\u00f1ade un toque distintivo, fusionando lo cl\u00e1sico con lo contempor\u00e1neo. La suela vulcanizada garantiza durabilidad y comodidad. Estas zapatillas son m\u00e1s que un calzado, son una declaraci\u00f3n de estilo que trasciende las tendencias.<\/p>\n","protected":false},"excerpt":{"rendered":"<p>Las zapatillas Converse x Comme des Gar\u00e7ons reflejan la colaboraci\u00f3n \u00fanica entre dos \u00edconos de la moda. Con su dise\u00f1o de perfil bajo y la cl\u00e1sica lona, estas zapatillas destacan [&hellip;]<\/p>\n","protected":false},"featured_media":1019,"comment_status":"open","ping_status":"closed","template":"","meta":[],"product_cat":[51,49,23,50],"product_tag":[],"class_list":{"0":"post-1018","1":"product","2":"type-product","3":"status-publish","4":"has-post-thumbnail","6":"product_cat-converse-sneakers","7":"product_cat-converse","8":"product_cat-sneakers","9":"product_cat-sneakers-converse","11":"first","12":"instock","13":"shipping-taxable","14":"purchasable","15":"product-type-variable"},"_links":{"self":[{"href":"https:\/\/urbansoles.duckdns.org\/index.php?rest_route=\/wp\/v2\/product\/1018","targetHints":{"allow":["GET"]}}],"collection":[{"href":"https:\/\/urbansoles.duckdns.org\/index.php?rest_route=\/wp\/v2\/product"}],"about":[{"href":"https:\/\/urbansoles.duckdns.org\/index.php?rest_route=\/wp\/v2\/types\/product"}],"replies":[{"embeddable":true,"href":"https:\/\/urbansoles.duckdns.org\/index.php?rest_route=%2Fwp%2Fv2%2Fcomments&post=1018"}],"wp:featuredmedia":[{"embeddable":true,"href":"https:\/\/urbansoles.duckdns.org\/index.php?rest_route=\/wp\/v2\/media\/1019"}],"wp:attachment":[{"href":"https:\/\/urbansoles.duckdns.org\/index.php?rest_route=%2Fwp%2Fv2%2Fmedia&parent=1018"}],"wp:term":[{"taxonomy":"product_cat","embeddable":true,"href":"https:\/\/urbansoles.duckdns.org\/index.php?rest_route=%2Fwp%2Fv2%2Fproduct_cat&post=1018"},{"taxonomy":"product_tag","embeddable":true,"href":"https:\/\/urbansoles.duckdns.org\/index.php?rest_route=%2Fwp%2Fv2%2Fproduct_tag&post=1018"}],"curies":[{"name":"wp","href":"https:\/\/api.w.org\/{rel}","templated":true}]}}