{"id":1041,"date":"2024-01-16T09:12:12","date_gmt":"2024-01-16T08:12:12","guid":{"rendered":"http:\/\/urbansoles.duckdns.org\/?post_type=product&#038;p=1041"},"modified":"2024-02-10T23:16:37","modified_gmt":"2024-02-10T22:16:37","slug":"converse-all-star","status":"publish","type":"product","link":"https:\/\/urbansoles.duckdns.org\/?product=converse-all-star","title":{"rendered":"CONVERSE ALL STAR"},"content":{"rendered":"<p>Las zapatillas Converse All Star son un \u00edcono eterno de estilo urbano. Con su cl\u00e1sico dise\u00f1o de lona y suela de goma, estas zapatillas capturan la esencia del calzado casual y vers\u00e1til. La puntera de goma a\u00f1ade durabilidad, mientras que el logo en estrella en los costados agrega autenticidad. Desde las canchas hasta las calles, las All Star son un s\u00edmbolo de autenticidad y comodidad. Su dise\u00f1o atemporal las hace adecuadas para cualquier ocasi\u00f3n, ofreciendo un lienzo en blanco para expresar tu estilo \u00fanico. Eleva tu calzado diario con la autenticidad y versatilidad incomparables de las Converse All Star<\/p>\n","protected":false},"excerpt":{"rendered":"<p>Las zapatillas Converse All Star son un \u00edcono eterno de estilo urbano. Con su cl\u00e1sico dise\u00f1o de lona y suela de goma, estas zapatillas capturan la esencia del calzado casual [&hellip;]<\/p>\n","protected":false},"featured_media":1042,"comment_status":"open","ping_status":"closed","template":"","meta":[],"product_cat":[49,51,23,50],"product_tag":[],"class_list":{"0":"post-1041","1":"product","2":"type-product","3":"status-publish","4":"has-post-thumbnail","6":"product_cat-converse","7":"product_cat-converse-sneakers","8":"product_cat-sneakers","9":"product_cat-sneakers-converse","11":"first","12":"instock","13":"shipping-taxable","14":"purchasable","15":"product-type-simple"},"_links":{"self":[{"href":"https:\/\/urbansoles.duckdns.org\/index.php?rest_route=\/wp\/v2\/product\/1041","targetHints":{"allow":["GET"]}}],"collection":[{"href":"https:\/\/urbansoles.duckdns.org\/index.php?rest_route=\/wp\/v2\/product"}],"about":[{"href":"https:\/\/urbansoles.duckdns.org\/index.php?rest_route=\/wp\/v2\/types\/product"}],"replies":[{"embeddable":true,"href":"https:\/\/urbansoles.duckdns.org\/index.php?rest_route=%2Fwp%2Fv2%2Fcomments&post=1041"}],"wp:featuredmedia":[{"embeddable":true,"href":"https:\/\/urbansoles.duckdns.org\/index.php?rest_route=\/wp\/v2\/media\/1042"}],"wp:attachment":[{"href":"https:\/\/urbansoles.duckdns.org\/index.php?rest_route=%2Fwp%2Fv2%2Fmedia&parent=1041"}],"wp:term":[{"taxonomy":"product_cat","embeddable":true,"href":"https:\/\/urbansoles.duckdns.org\/index.php?rest_route=%2Fwp%2Fv2%2Fproduct_cat&post=1041"},{"taxonomy":"product_tag","embeddable":true,"href":"https:\/\/urbansoles.duckdns.org\/index.php?rest_route=%2Fwp%2Fv2%2Fproduct_tag&post=1041"}],"curies":[{"name":"wp","href":"https:\/\/api.w.org\/{rel}","templated":true}]}}