{"id":1043,"date":"2024-01-16T09:22:15","date_gmt":"2024-01-16T08:22:15","guid":{"rendered":"http:\/\/urbansoles.duckdns.org\/?post_type=product&#038;p=1043"},"modified":"2024-02-10T23:16:44","modified_gmt":"2024-02-10T22:16:44","slug":"converse-golf-le-fleur","status":"publish","type":"product","link":"https:\/\/urbansoles.duckdns.org\/?product=converse-golf-le-fleur","title":{"rendered":"CONVERSE GOLF LE FLEUR"},"content":{"rendered":"<p>Las zapatillas Converse Golf le Fleur, creadas en colaboraci\u00f3n con Tyler, The Creator, son un testimonio de creatividad y estilo \u00fanico. Con su dise\u00f1o floral distintivo en la parte superior de lona, estas zapatillas destacan por su originalidad y frescura. La suela de goma y el logo en estrella a\u00f1aden autenticidad a cada paso. Disponibles en una paleta vibrante de colores, las Golf le Fleur son una declaraci\u00f3n de moda que va m\u00e1s all\u00e1 de lo convencional. Perfectas para quienes buscan calzado que refleje individualidad y un toque art\u00edstico, estas zapatillas son un lienzo de expresi\u00f3n personal.<\/p>\n","protected":false},"excerpt":{"rendered":"<p>Las zapatillas Converse Golf le Fleur, creadas en colaboraci\u00f3n con Tyler, The Creator, son un testimonio de creatividad y estilo \u00fanico. Con su dise\u00f1o floral distintivo en la parte superior [&hellip;]<\/p>\n","protected":false},"featured_media":1044,"comment_status":"open","ping_status":"closed","template":"","meta":[],"product_cat":[51,49,23,50],"product_tag":[],"class_list":{"0":"post-1043","1":"product","2":"type-product","3":"status-publish","4":"has-post-thumbnail","6":"product_cat-converse-sneakers","7":"product_cat-converse","8":"product_cat-sneakers","9":"product_cat-sneakers-converse","11":"first","12":"instock","13":"shipping-taxable","14":"purchasable","15":"product-type-variable"},"_links":{"self":[{"href":"https:\/\/urbansoles.duckdns.org\/index.php?rest_route=\/wp\/v2\/product\/1043","targetHints":{"allow":["GET"]}}],"collection":[{"href":"https:\/\/urbansoles.duckdns.org\/index.php?rest_route=\/wp\/v2\/product"}],"about":[{"href":"https:\/\/urbansoles.duckdns.org\/index.php?rest_route=\/wp\/v2\/types\/product"}],"replies":[{"embeddable":true,"href":"https:\/\/urbansoles.duckdns.org\/index.php?rest_route=%2Fwp%2Fv2%2Fcomments&post=1043"}],"wp:featuredmedia":[{"embeddable":true,"href":"https:\/\/urbansoles.duckdns.org\/index.php?rest_route=\/wp\/v2\/media\/1044"}],"wp:attachment":[{"href":"https:\/\/urbansoles.duckdns.org\/index.php?rest_route=%2Fwp%2Fv2%2Fmedia&parent=1043"}],"wp:term":[{"taxonomy":"product_cat","embeddable":true,"href":"https:\/\/urbansoles.duckdns.org\/index.php?rest_route=%2Fwp%2Fv2%2Fproduct_cat&post=1043"},{"taxonomy":"product_tag","embeddable":true,"href":"https:\/\/urbansoles.duckdns.org\/index.php?rest_route=%2Fwp%2Fv2%2Fproduct_tag&post=1043"}],"curies":[{"name":"wp","href":"https:\/\/api.w.org\/{rel}","templated":true}]}}