{"id":1064,"date":"2024-01-16T13:02:35","date_gmt":"2024-01-16T12:02:35","guid":{"rendered":"http:\/\/urbansoles.duckdns.org\/?post_type=product&#038;p=1064"},"modified":"2024-01-16T13:02:35","modified_gmt":"2024-01-16T12:02:35","slug":"reebok-the-blast","status":"publish","type":"product","link":"https:\/\/urbansoles.duckdns.org\/?product=reebok-the-blast","title":{"rendered":"REEBOK THE BLAST"},"content":{"rendered":"<p>Las zapatillas Reebok The Blast son un tributo a la era dorada del baloncesto. Con su dise\u00f1o retro de los a\u00f1os 90, estas zapatillas capturan la esencia del estilo cl\u00e1sico y la cultura urbana. La parte superior de cuero y la suela gruesa proporcionan durabilidad y comodidad. El dise\u00f1o con detalles en contraste y el logo ic\u00f3nico reflejan autenticidad. Su est\u00e9tica deportiva y llamativos colores evocan la nostalgia de las canchas de baloncesto. Las Reebok The Blast son una opci\u00f3n audaz para quienes buscan incorporar elementos retro y autenticidad en su estilo diario, destacando con cada paso.<\/p>\n","protected":false},"excerpt":{"rendered":"<p>Las zapatillas Reebok The Blast son un tributo a la era dorada del baloncesto. Con su dise\u00f1o retro de los a\u00f1os 90, estas zapatillas capturan la esencia del estilo cl\u00e1sico [&hellip;]<\/p>\n","protected":false},"featured_media":1065,"comment_status":"open","ping_status":"closed","template":"","meta":[],"product_cat":[54,52,23,53],"product_tag":[],"class_list":{"0":"post-1064","1":"product","2":"type-product","3":"status-publish","4":"has-post-thumbnail","6":"product_cat-reebok-sneakers","7":"product_cat-reebok","8":"product_cat-sneakers","9":"product_cat-sneakers-reebok","11":"first","12":"instock","13":"shipping-taxable","14":"purchasable","15":"product-type-simple"},"_links":{"self":[{"href":"https:\/\/urbansoles.duckdns.org\/index.php?rest_route=\/wp\/v2\/product\/1064","targetHints":{"allow":["GET"]}}],"collection":[{"href":"https:\/\/urbansoles.duckdns.org\/index.php?rest_route=\/wp\/v2\/product"}],"about":[{"href":"https:\/\/urbansoles.duckdns.org\/index.php?rest_route=\/wp\/v2\/types\/product"}],"replies":[{"embeddable":true,"href":"https:\/\/urbansoles.duckdns.org\/index.php?rest_route=%2Fwp%2Fv2%2Fcomments&post=1064"}],"wp:featuredmedia":[{"embeddable":true,"href":"https:\/\/urbansoles.duckdns.org\/index.php?rest_route=\/wp\/v2\/media\/1065"}],"wp:attachment":[{"href":"https:\/\/urbansoles.duckdns.org\/index.php?rest_route=%2Fwp%2Fv2%2Fmedia&parent=1064"}],"wp:term":[{"taxonomy":"product_cat","embeddable":true,"href":"https:\/\/urbansoles.duckdns.org\/index.php?rest_route=%2Fwp%2Fv2%2Fproduct_cat&post=1064"},{"taxonomy":"product_tag","embeddable":true,"href":"https:\/\/urbansoles.duckdns.org\/index.php?rest_route=%2Fwp%2Fv2%2Fproduct_tag&post=1064"}],"curies":[{"name":"wp","href":"https:\/\/api.w.org\/{rel}","templated":true}]}}