{"id":1066,"date":"2024-01-16T13:06:26","date_gmt":"2024-01-16T12:06:26","guid":{"rendered":"http:\/\/urbansoles.duckdns.org\/?post_type=product&#038;p=1066"},"modified":"2024-01-16T13:06:26","modified_gmt":"2024-01-16T12:06:26","slug":"reebok-answer-iii","status":"publish","type":"product","link":"https:\/\/urbansoles.duckdns.org\/?product=reebok-answer-iii","title":{"rendered":"REEBOK ANSWER III"},"content":{"rendered":"<p>Las zapatillas Reebok Answer III, llevadas al escenario por la leyenda del baloncesto Allen Iverson, son un homenaje al legado del juego y el estilo. Con su dise\u00f1o de media ca\u00f1a, estas zapatillas ofrecen soporte y elegancia. La parte superior de cuero y detalles en zigzag resaltan la esencia del baloncesto de los a\u00f1os 90. La tecnolog\u00eda de amortiguaci\u00f3n DMX garantiza comodidad durante todo el d\u00eda. Los detalles en rojo y negro, junto con el logo AI3, a\u00f1aden autenticidad. Las Answer III no son solo zapatillas, son un tributo a la grandeza en el baloncesto, perfectas para quienes buscan rendir homenaje al legado del juego.<\/p>\n","protected":false},"excerpt":{"rendered":"<p>Las zapatillas Reebok Answer III, llevadas al escenario por la leyenda del baloncesto Allen Iverson, son un homenaje al legado del juego y el estilo. Con su dise\u00f1o de media [&hellip;]<\/p>\n","protected":false},"featured_media":1067,"comment_status":"open","ping_status":"closed","template":"","meta":[],"product_cat":[52,54,53,23],"product_tag":[],"class_list":{"0":"post-1066","1":"product","2":"type-product","3":"status-publish","4":"has-post-thumbnail","6":"product_cat-reebok","7":"product_cat-reebok-sneakers","8":"product_cat-sneakers-reebok","9":"product_cat-sneakers","11":"first","12":"instock","13":"shipping-taxable","14":"purchasable","15":"product-type-simple"},"_links":{"self":[{"href":"https:\/\/urbansoles.duckdns.org\/index.php?rest_route=\/wp\/v2\/product\/1066","targetHints":{"allow":["GET"]}}],"collection":[{"href":"https:\/\/urbansoles.duckdns.org\/index.php?rest_route=\/wp\/v2\/product"}],"about":[{"href":"https:\/\/urbansoles.duckdns.org\/index.php?rest_route=\/wp\/v2\/types\/product"}],"replies":[{"embeddable":true,"href":"https:\/\/urbansoles.duckdns.org\/index.php?rest_route=%2Fwp%2Fv2%2Fcomments&post=1066"}],"wp:featuredmedia":[{"embeddable":true,"href":"https:\/\/urbansoles.duckdns.org\/index.php?rest_route=\/wp\/v2\/media\/1067"}],"wp:attachment":[{"href":"https:\/\/urbansoles.duckdns.org\/index.php?rest_route=%2Fwp%2Fv2%2Fmedia&parent=1066"}],"wp:term":[{"taxonomy":"product_cat","embeddable":true,"href":"https:\/\/urbansoles.duckdns.org\/index.php?rest_route=%2Fwp%2Fv2%2Fproduct_cat&post=1066"},{"taxonomy":"product_tag","embeddable":true,"href":"https:\/\/urbansoles.duckdns.org\/index.php?rest_route=%2Fwp%2Fv2%2Fproduct_tag&post=1066"}],"curies":[{"name":"wp","href":"https:\/\/api.w.org\/{rel}","templated":true}]}}