{"id":1161,"date":"2024-01-23T22:32:48","date_gmt":"2024-01-23T21:32:48","guid":{"rendered":"http:\/\/urbansoles.duckdns.org\/?post_type=product&#038;p=1161"},"modified":"2024-01-23T22:33:16","modified_gmt":"2024-01-23T21:33:16","slug":"jordan-1-retro-dior","status":"publish","type":"product","link":"https:\/\/urbansoles.duckdns.org\/?product=jordan-1-retro-dior","title":{"rendered":"JORDAN 1 RETRO HIGH DIOR"},"content":{"rendered":"<p>Las zapatillas Jordan 1 Retro High Dior son un s\u00edmbolo de lujo y estilo, fruto de la colaboraci\u00f3n entre Jordan y la casa de moda Dior. Su dise\u00f1o elegante combina cuero blanco y gris con el distintivo patr\u00f3n Dior Oblique, destacando la fusi\u00f3n perfecta entre deporte y sofisticaci\u00f3n. El logo Air Dior y la suela transl\u00facida a\u00f1aden exclusividad. Estas codiciadas zapatillas estar\u00e1n a la venta el 30 de febrero, marcando un lanzamiento \u00fanico y exclusivo. Prep\u00e1rate para adquirir este hito de la moda urbana y deportiva, elevando tu estilo con la esencia de la colaboraci\u00f3n entre dos \u00edconos.<\/p>\n","protected":false},"excerpt":{"rendered":"<p>Las zapatillas Jordan 1 Retro High Dior son un s\u00edmbolo de lujo y estilo, fruto de la colaboraci\u00f3n entre Jordan y la casa de moda Dior. Su dise\u00f1o elegante combina [&hellip;]<\/p>\n","protected":false},"featured_media":1162,"comment_status":"open","ping_status":"closed","template":"","meta":[],"product_cat":[56,55],"product_tag":[],"class_list":{"0":"post-1161","1":"product","2":"type-product","3":"status-publish","4":"has-post-thumbnail","6":"product_cat-nike-proximos-lanzamientos","7":"product_cat-proximos-lanzamientos","9":"first","10":"onbackorder","11":"shipping-taxable","12":"purchasable","13":"product-type-simple"},"_links":{"self":[{"href":"https:\/\/urbansoles.duckdns.org\/index.php?rest_route=\/wp\/v2\/product\/1161","targetHints":{"allow":["GET"]}}],"collection":[{"href":"https:\/\/urbansoles.duckdns.org\/index.php?rest_route=\/wp\/v2\/product"}],"about":[{"href":"https:\/\/urbansoles.duckdns.org\/index.php?rest_route=\/wp\/v2\/types\/product"}],"replies":[{"embeddable":true,"href":"https:\/\/urbansoles.duckdns.org\/index.php?rest_route=%2Fwp%2Fv2%2Fcomments&post=1161"}],"wp:featuredmedia":[{"embeddable":true,"href":"https:\/\/urbansoles.duckdns.org\/index.php?rest_route=\/wp\/v2\/media\/1162"}],"wp:attachment":[{"href":"https:\/\/urbansoles.duckdns.org\/index.php?rest_route=%2Fwp%2Fv2%2Fmedia&parent=1161"}],"wp:term":[{"taxonomy":"product_cat","embeddable":true,"href":"https:\/\/urbansoles.duckdns.org\/index.php?rest_route=%2Fwp%2Fv2%2Fproduct_cat&post=1161"},{"taxonomy":"product_tag","embeddable":true,"href":"https:\/\/urbansoles.duckdns.org\/index.php?rest_route=%2Fwp%2Fv2%2Fproduct_tag&post=1161"}],"curies":[{"name":"wp","href":"https:\/\/api.w.org\/{rel}","templated":true}]}}