{"id":1166,"date":"2024-01-23T22:39:11","date_gmt":"2024-01-23T21:39:11","guid":{"rendered":"http:\/\/urbansoles.duckdns.org\/?post_type=product&#038;p=1166"},"modified":"2024-01-23T22:39:11","modified_gmt":"2024-01-23T21:39:11","slug":"dior-b23-high","status":"publish","type":"product","link":"https:\/\/urbansoles.duckdns.org\/?product=dior-b23-high","title":{"rendered":"DIOR B23 HIGH"},"content":{"rendered":"<p>Las zapatillas Dior B23 son una expresi\u00f3n de lujo y modernidad. Dise\u00f1adas con una mezcla \u00fanica de lona t\u00e9cnica y piel, encarnan la elegancia urbana. El motivo Dior Oblique y la suela de goma distintiva a\u00f1aden un toque contempor\u00e1neo. Estas codiciadas zapatillas estar\u00e1n disponibles para adquirir el 31 de febrero, marcando un lanzamiento excepcional. Prep\u00e1rate para destacar con este calzado exclusivo que combina artesan\u00eda de alta costura con un toque de streetwear. Eleva tu estilo con la esencia \u00fanica de las Dior B23<\/p>\n","protected":false},"excerpt":{"rendered":"<p>Las zapatillas Dior B23 son una expresi\u00f3n de lujo y modernidad. Dise\u00f1adas con una mezcla \u00fanica de lona t\u00e9cnica y piel, encarnan la elegancia urbana. El motivo Dior Oblique y [&hellip;]<\/p>\n","protected":false},"featured_media":1168,"comment_status":"open","ping_status":"closed","template":"","meta":[],"product_cat":[57,55],"product_tag":[],"class_list":{"0":"post-1166","1":"product","2":"type-product","3":"status-publish","4":"has-post-thumbnail","6":"product_cat-dior","7":"product_cat-proximos-lanzamientos","9":"first","10":"onbackorder","11":"shipping-taxable","12":"purchasable","13":"product-type-simple"},"_links":{"self":[{"href":"https:\/\/urbansoles.duckdns.org\/index.php?rest_route=\/wp\/v2\/product\/1166","targetHints":{"allow":["GET"]}}],"collection":[{"href":"https:\/\/urbansoles.duckdns.org\/index.php?rest_route=\/wp\/v2\/product"}],"about":[{"href":"https:\/\/urbansoles.duckdns.org\/index.php?rest_route=\/wp\/v2\/types\/product"}],"replies":[{"embeddable":true,"href":"https:\/\/urbansoles.duckdns.org\/index.php?rest_route=%2Fwp%2Fv2%2Fcomments&post=1166"}],"wp:featuredmedia":[{"embeddable":true,"href":"https:\/\/urbansoles.duckdns.org\/index.php?rest_route=\/wp\/v2\/media\/1168"}],"wp:attachment":[{"href":"https:\/\/urbansoles.duckdns.org\/index.php?rest_route=%2Fwp%2Fv2%2Fmedia&parent=1166"}],"wp:term":[{"taxonomy":"product_cat","embeddable":true,"href":"https:\/\/urbansoles.duckdns.org\/index.php?rest_route=%2Fwp%2Fv2%2Fproduct_cat&post=1166"},{"taxonomy":"product_tag","embeddable":true,"href":"https:\/\/urbansoles.duckdns.org\/index.php?rest_route=%2Fwp%2Fv2%2Fproduct_tag&post=1166"}],"curies":[{"name":"wp","href":"https:\/\/api.w.org\/{rel}","templated":true}]}}