{"id":1172,"date":"2024-01-23T22:48:52","date_gmt":"2024-01-23T21:48:52","guid":{"rendered":"http:\/\/urbansoles.duckdns.org\/?post_type=product&#038;p=1172"},"modified":"2024-01-23T22:58:27","modified_gmt":"2024-01-23T21:58:27","slug":"adidas-bad-bunny-cl","status":"publish","type":"product","link":"https:\/\/urbansoles.duckdns.org\/?product=adidas-bad-bunny-cl","title":{"rendered":"ADIDAS BAD BUNNY CL"},"content":{"rendered":"<p>Las zapatillas Adidas Originals x Bad Bunny Response CL son un fest\u00edn visual de creatividad y estilo. Dise\u00f1adas en colaboraci\u00f3n con el artista Bad Bunny, estas zapatillas presentan una explosi\u00f3n de colores vibrantes y detalles \u00fanicos. La parte superior de malla transpirable y las superposiciones de cuero sint\u00e9tico garantizan comodidad y durabilidad. La entresuela Boost proporciona una amortiguaci\u00f3n reactiva para un paso c\u00f3modo. El logo de Bad Bunny en la leng\u00fceta y el tal\u00f3n a\u00f1ade un toque distintivo. Estas codiciadas zapatillas estar\u00e1n disponibles a partir del 28 de febrero, marcando un emocionante lanzamiento que fusiona la m\u00fasica y la moda con un estilo aut\u00e9ntico y audaz.<\/p>\n","protected":false},"excerpt":{"rendered":"<p>Las zapatillas Adidas Originals x Bad Bunny Response CL son un fest\u00edn visual de creatividad y estilo. Dise\u00f1adas en colaboraci\u00f3n con el artista Bad Bunny, estas zapatillas presentan una explosi\u00f3n [&hellip;]<\/p>\n","protected":false},"featured_media":1173,"comment_status":"open","ping_status":"closed","template":"","meta":[],"product_cat":[58,55],"product_tag":[],"class_list":{"0":"post-1172","1":"product","2":"type-product","3":"status-publish","4":"has-post-thumbnail","6":"product_cat-adidas-proximos-lanzamientos","7":"product_cat-proximos-lanzamientos","9":"first","10":"onbackorder","11":"shipping-taxable","12":"purchasable","13":"product-type-simple"},"_links":{"self":[{"href":"https:\/\/urbansoles.duckdns.org\/index.php?rest_route=\/wp\/v2\/product\/1172","targetHints":{"allow":["GET"]}}],"collection":[{"href":"https:\/\/urbansoles.duckdns.org\/index.php?rest_route=\/wp\/v2\/product"}],"about":[{"href":"https:\/\/urbansoles.duckdns.org\/index.php?rest_route=\/wp\/v2\/types\/product"}],"replies":[{"embeddable":true,"href":"https:\/\/urbansoles.duckdns.org\/index.php?rest_route=%2Fwp%2Fv2%2Fcomments&post=1172"}],"wp:featuredmedia":[{"embeddable":true,"href":"https:\/\/urbansoles.duckdns.org\/index.php?rest_route=\/wp\/v2\/media\/1173"}],"wp:attachment":[{"href":"https:\/\/urbansoles.duckdns.org\/index.php?rest_route=%2Fwp%2Fv2%2Fmedia&parent=1172"}],"wp:term":[{"taxonomy":"product_cat","embeddable":true,"href":"https:\/\/urbansoles.duckdns.org\/index.php?rest_route=%2Fwp%2Fv2%2Fproduct_cat&post=1172"},{"taxonomy":"product_tag","embeddable":true,"href":"https:\/\/urbansoles.duckdns.org\/index.php?rest_route=%2Fwp%2Fv2%2Fproduct_tag&post=1172"}],"curies":[{"name":"wp","href":"https:\/\/api.w.org\/{rel}","templated":true}]}}