{"id":1198,"date":"2024-01-25T08:55:54","date_gmt":"2024-01-25T07:55:54","guid":{"rendered":"http:\/\/urbansoles.duckdns.org\/?post_type=product&#038;p=1198"},"modified":"2024-01-25T08:55:54","modified_gmt":"2024-01-25T07:55:54","slug":"nike-air-mag","status":"publish","type":"product","link":"https:\/\/urbansoles.duckdns.org\/?product=nike-air-mag","title":{"rendered":"NIKE AIR MAG"},"content":{"rendered":"<p>Las zapatillas Nike Air Mag son un homenaje a la innovaci\u00f3n y al legado ic\u00f3nico de la cultura sneaker. Inspiradas en el dise\u00f1o de la pel\u00edcula \u00abBack to the Future\u00bb, estas zapatillas presentan detalles futuristas y la tecnolog\u00eda adaptativa Power Laces. Su parte superior de tejido y el sistema de iluminaci\u00f3n LED en el tal\u00f3n a\u00f1aden un toque distintivo. La entresuela con tecnolog\u00eda Air brinda una amortiguaci\u00f3n excepcional. Estas zapatillas, disponibles a partir del 5 de marzo, representan m\u00e1s que un calzado; son un hito en la historia de la moda y la tecnolog\u00eda, ofreciendo un estilo atemporal con un toque de futurismo.<\/p>\n","protected":false},"excerpt":{"rendered":"<p>Las zapatillas Nike Air Mag son un homenaje a la innovaci\u00f3n y al legado ic\u00f3nico de la cultura sneaker. Inspiradas en el dise\u00f1o de la pel\u00edcula \u00abBack to the Future\u00bb, [&hellip;]<\/p>\n","protected":false},"featured_media":1199,"comment_status":"open","ping_status":"closed","template":"","meta":[],"product_cat":[56,55],"product_tag":[],"class_list":{"0":"post-1198","1":"product","2":"type-product","3":"status-publish","4":"has-post-thumbnail","6":"product_cat-nike-proximos-lanzamientos","7":"product_cat-proximos-lanzamientos","9":"first","10":"onbackorder","11":"sold-individually","12":"shipping-taxable","13":"purchasable","14":"product-type-simple"},"_links":{"self":[{"href":"https:\/\/urbansoles.duckdns.org\/index.php?rest_route=\/wp\/v2\/product\/1198","targetHints":{"allow":["GET"]}}],"collection":[{"href":"https:\/\/urbansoles.duckdns.org\/index.php?rest_route=\/wp\/v2\/product"}],"about":[{"href":"https:\/\/urbansoles.duckdns.org\/index.php?rest_route=\/wp\/v2\/types\/product"}],"replies":[{"embeddable":true,"href":"https:\/\/urbansoles.duckdns.org\/index.php?rest_route=%2Fwp%2Fv2%2Fcomments&post=1198"}],"wp:featuredmedia":[{"embeddable":true,"href":"https:\/\/urbansoles.duckdns.org\/index.php?rest_route=\/wp\/v2\/media\/1199"}],"wp:attachment":[{"href":"https:\/\/urbansoles.duckdns.org\/index.php?rest_route=%2Fwp%2Fv2%2Fmedia&parent=1198"}],"wp:term":[{"taxonomy":"product_cat","embeddable":true,"href":"https:\/\/urbansoles.duckdns.org\/index.php?rest_route=%2Fwp%2Fv2%2Fproduct_cat&post=1198"},{"taxonomy":"product_tag","embeddable":true,"href":"https:\/\/urbansoles.duckdns.org\/index.php?rest_route=%2Fwp%2Fv2%2Fproduct_tag&post=1198"}],"curies":[{"name":"wp","href":"https:\/\/api.w.org\/{rel}","templated":true}]}}