{"id":1216,"date":"2024-01-26T19:15:04","date_gmt":"2024-01-26T18:15:04","guid":{"rendered":"http:\/\/urbansoles.duckdns.org\/?post_type=product&#038;p=1216"},"modified":"2024-01-26T19:15:04","modified_gmt":"2024-01-26T18:15:04","slug":"nike-air-force-1-louis-vuitton","status":"publish","type":"product","link":"https:\/\/urbansoles.duckdns.org\/?product=nike-air-force-1-louis-vuitton","title":{"rendered":"NIKE AIR FORCE 1 LOUIS VUITTON"},"content":{"rendered":"<p>Las zapatillas Louis Vuitton Nike Air Force 1 son una colaboraci\u00f3n excepcional entre dos gigantes de la moda. Confeccionadas con materiales de alta calidad y detalles de lujo caracter\u00edsticos de Louis Vuitton, estas zapatillas reinterpretan el ic\u00f3nico dise\u00f1o de las Nike Air Force 1 con un toque de elegancia y sofisticaci\u00f3n. La combinaci\u00f3n de la emblem\u00e1tica lona Monogram de Louis Vuitton con los elementos distintivos de las Air Force 1 crea un estilo \u00fanico y distintivo. Estas codiciadas zapatillas estar\u00e1n disponibles a partir del 30 de febrero, marcando un lanzamiento emocionante que fusiona la moda urbana con el lujo de la alta costura.<\/p>\n","protected":false},"excerpt":{"rendered":"<p>Las zapatillas Louis Vuitton Nike Air Force 1 son una colaboraci\u00f3n excepcional entre dos gigantes de la moda. Confeccionadas con materiales de alta calidad y detalles de lujo caracter\u00edsticos de [&hellip;]<\/p>\n","protected":false},"featured_media":1217,"comment_status":"open","ping_status":"closed","template":"","meta":[],"product_cat":[56,55],"product_tag":[],"class_list":{"0":"post-1216","1":"product","2":"type-product","3":"status-publish","4":"has-post-thumbnail","6":"product_cat-nike-proximos-lanzamientos","7":"product_cat-proximos-lanzamientos","9":"first","10":"onbackorder","11":"sold-individually","12":"shipping-taxable","13":"purchasable","14":"product-type-simple"},"_links":{"self":[{"href":"https:\/\/urbansoles.duckdns.org\/index.php?rest_route=\/wp\/v2\/product\/1216","targetHints":{"allow":["GET"]}}],"collection":[{"href":"https:\/\/urbansoles.duckdns.org\/index.php?rest_route=\/wp\/v2\/product"}],"about":[{"href":"https:\/\/urbansoles.duckdns.org\/index.php?rest_route=\/wp\/v2\/types\/product"}],"replies":[{"embeddable":true,"href":"https:\/\/urbansoles.duckdns.org\/index.php?rest_route=%2Fwp%2Fv2%2Fcomments&post=1216"}],"wp:featuredmedia":[{"embeddable":true,"href":"https:\/\/urbansoles.duckdns.org\/index.php?rest_route=\/wp\/v2\/media\/1217"}],"wp:attachment":[{"href":"https:\/\/urbansoles.duckdns.org\/index.php?rest_route=%2Fwp%2Fv2%2Fmedia&parent=1216"}],"wp:term":[{"taxonomy":"product_cat","embeddable":true,"href":"https:\/\/urbansoles.duckdns.org\/index.php?rest_route=%2Fwp%2Fv2%2Fproduct_cat&post=1216"},{"taxonomy":"product_tag","embeddable":true,"href":"https:\/\/urbansoles.duckdns.org\/index.php?rest_route=%2Fwp%2Fv2%2Fproduct_tag&post=1216"}],"curies":[{"name":"wp","href":"https:\/\/api.w.org\/{rel}","templated":true}]}}