{"id":1233,"date":"2024-01-27T22:54:54","date_gmt":"2024-01-27T21:54:54","guid":{"rendered":"http:\/\/urbansoles.duckdns.org\/?post_type=product&#038;p=1233"},"modified":"2024-01-27T22:55:20","modified_gmt":"2024-01-27T21:55:20","slug":"jordan-4-30th-aniversario","status":"publish","type":"product","link":"https:\/\/urbansoles.duckdns.org\/?product=jordan-4-30th-aniversario","title":{"rendered":"JORDAN 4 30th ANIVERSARIO"},"content":{"rendered":"<p>Las zapatillas Nike Jordan 30 Aniversario conmemoran tres d\u00e9cadas de legado y estilo revolucionario. Dise\u00f1adas para celebrar la historia ic\u00f3nica de las Air Jordan, estas zapatillas presentan detalles exclusivos y materiales de alta calidad. La combinaci\u00f3n de cuero premium y elementos de dise\u00f1o distintivos rinde homenaje a las ra\u00edces de la l\u00ednea Jordan. La entresuela con tecnolog\u00eda Air ofrece una amortiguaci\u00f3n superior, asegurando comodidad y rendimiento. Estas codiciadas zapatillas, disponibles a partir del 3 de marzo, representan m\u00e1s que calzado; son un tributo al impacto cultural y deportivo de la marca Jordan, marcando un lanzamiento extraordinario que cautiva a los amantes del estilo y la historia del baloncesto.<\/p>\n","protected":false},"excerpt":{"rendered":"<p>Las zapatillas Nike Jordan 30 Aniversario conmemoran tres d\u00e9cadas de legado y estilo revolucionario. Dise\u00f1adas para celebrar la historia ic\u00f3nica de las Air Jordan, estas zapatillas presentan detalles exclusivos y [&hellip;]<\/p>\n","protected":false},"featured_media":1239,"comment_status":"open","ping_status":"closed","template":"","meta":[],"product_cat":[56,55],"product_tag":[],"class_list":{"0":"post-1233","1":"product","2":"type-product","3":"status-publish","4":"has-post-thumbnail","6":"product_cat-nike-proximos-lanzamientos","7":"product_cat-proximos-lanzamientos","9":"first","10":"onbackorder","11":"sold-individually","12":"shipping-taxable","13":"purchasable","14":"product-type-simple"},"_links":{"self":[{"href":"https:\/\/urbansoles.duckdns.org\/index.php?rest_route=\/wp\/v2\/product\/1233","targetHints":{"allow":["GET"]}}],"collection":[{"href":"https:\/\/urbansoles.duckdns.org\/index.php?rest_route=\/wp\/v2\/product"}],"about":[{"href":"https:\/\/urbansoles.duckdns.org\/index.php?rest_route=\/wp\/v2\/types\/product"}],"replies":[{"embeddable":true,"href":"https:\/\/urbansoles.duckdns.org\/index.php?rest_route=%2Fwp%2Fv2%2Fcomments&post=1233"}],"wp:featuredmedia":[{"embeddable":true,"href":"https:\/\/urbansoles.duckdns.org\/index.php?rest_route=\/wp\/v2\/media\/1239"}],"wp:attachment":[{"href":"https:\/\/urbansoles.duckdns.org\/index.php?rest_route=%2Fwp%2Fv2%2Fmedia&parent=1233"}],"wp:term":[{"taxonomy":"product_cat","embeddable":true,"href":"https:\/\/urbansoles.duckdns.org\/index.php?rest_route=%2Fwp%2Fv2%2Fproduct_cat&post=1233"},{"taxonomy":"product_tag","embeddable":true,"href":"https:\/\/urbansoles.duckdns.org\/index.php?rest_route=%2Fwp%2Fv2%2Fproduct_tag&post=1233"}],"curies":[{"name":"wp","href":"https:\/\/api.w.org\/{rel}","templated":true}]}}