{"id":1249,"date":"2024-01-27T23:13:32","date_gmt":"2024-01-27T22:13:32","guid":{"rendered":"http:\/\/urbansoles.duckdns.org\/?post_type=product&#038;p=1249"},"modified":"2024-01-27T23:13:32","modified_gmt":"2024-01-27T22:13:32","slug":"new-balance-991","status":"publish","type":"product","link":"https:\/\/urbansoles.duckdns.org\/?product=new-balance-991","title":{"rendered":"NEW BALANCE 991"},"content":{"rendered":"<p>Las zapatillas New Balance 991 x Stone Island, que llegar\u00e1n a la venta el 10 de marzo, fusionan la est\u00e9tica urbana de Stone Island con la excelencia en rendimiento de New Balance. La parte superior de malla y ante garantiza comodidad y durabilidad, mientras que la tecnolog\u00eda ENCAP en la entresuela brinda soporte y amortiguaci\u00f3n. Con detalles ic\u00f3nicos de Stone Island, como el logo tejido y la etiqueta de la leng\u00fceta, estas zapatillas son m\u00e1s que calzado; son una declaraci\u00f3n de estilo. Prepara tus pies para la fusi\u00f3n perfecta de moda y funcionalidad con este lanzamiento que redefine el est\u00e1ndar de zapatillas de edici\u00f3n limitada.<\/p>\n","protected":false},"excerpt":{"rendered":"<p>Las zapatillas New Balance 991 x Stone Island, que llegar\u00e1n a la venta el 10 de marzo, fusionan la est\u00e9tica urbana de Stone Island con la excelencia en rendimiento de [&hellip;]<\/p>\n","protected":false},"featured_media":1250,"comment_status":"open","ping_status":"closed","template":"","meta":[],"product_cat":[60,55],"product_tag":[],"class_list":{"0":"post-1249","1":"product","2":"type-product","3":"status-publish","4":"has-post-thumbnail","6":"product_cat-new-balance-proximos-lanzamientos","7":"product_cat-proximos-lanzamientos","9":"first","10":"onbackorder","11":"sold-individually","12":"shipping-taxable","13":"purchasable","14":"product-type-simple"},"_links":{"self":[{"href":"https:\/\/urbansoles.duckdns.org\/index.php?rest_route=\/wp\/v2\/product\/1249","targetHints":{"allow":["GET"]}}],"collection":[{"href":"https:\/\/urbansoles.duckdns.org\/index.php?rest_route=\/wp\/v2\/product"}],"about":[{"href":"https:\/\/urbansoles.duckdns.org\/index.php?rest_route=\/wp\/v2\/types\/product"}],"replies":[{"embeddable":true,"href":"https:\/\/urbansoles.duckdns.org\/index.php?rest_route=%2Fwp%2Fv2%2Fcomments&post=1249"}],"wp:featuredmedia":[{"embeddable":true,"href":"https:\/\/urbansoles.duckdns.org\/index.php?rest_route=\/wp\/v2\/media\/1250"}],"wp:attachment":[{"href":"https:\/\/urbansoles.duckdns.org\/index.php?rest_route=%2Fwp%2Fv2%2Fmedia&parent=1249"}],"wp:term":[{"taxonomy":"product_cat","embeddable":true,"href":"https:\/\/urbansoles.duckdns.org\/index.php?rest_route=%2Fwp%2Fv2%2Fproduct_cat&post=1249"},{"taxonomy":"product_tag","embeddable":true,"href":"https:\/\/urbansoles.duckdns.org\/index.php?rest_route=%2Fwp%2Fv2%2Fproduct_tag&post=1249"}],"curies":[{"name":"wp","href":"https:\/\/api.w.org\/{rel}","templated":true}]}}