{"id":1254,"date":"2024-01-27T23:17:43","date_gmt":"2024-01-27T22:17:43","guid":{"rendered":"http:\/\/urbansoles.duckdns.org\/?post_type=product&#038;p=1254"},"modified":"2024-01-27T23:17:43","modified_gmt":"2024-01-27T22:17:43","slug":"new-balance-860-v2","status":"publish","type":"product","link":"https:\/\/urbansoles.duckdns.org\/?product=new-balance-860-v2","title":{"rendered":"NEW BALANCE 860 V2"},"content":{"rendered":"<p>Las zapatillas New Balance x Aim\u00e9 Leon Dore 860 v2, disponibles a partir del 12 de marzo, encapsulan la colaboraci\u00f3n entre la elegancia de Aim\u00e9 Leon Dore y el rendimiento caracter\u00edstico de New Balance. La parte superior de ante y malla garantiza comodidad y transpirabilidad, mientras que la entresuela ABZORB proporciona una amortiguaci\u00f3n superior. Con una paleta de colores sutiles y detalles refinados, estas zapatillas elevan el estilo urbano a un nuevo nivel. El logo dual de Aim\u00e9 Leon Dore y New Balance en la leng\u00fceta y el tal\u00f3n a\u00f1ade autenticidad a este lanzamiento altamente esperado. Prepara tus pies para un toque de sofisticaci\u00f3n y rendimiento inigualable.<\/p>\n","protected":false},"excerpt":{"rendered":"<p>Las zapatillas New Balance x Aim\u00e9 Leon Dore 860 v2, disponibles a partir del 12 de marzo, encapsulan la colaboraci\u00f3n entre la elegancia de Aim\u00e9 Leon Dore y el rendimiento [&hellip;]<\/p>\n","protected":false},"featured_media":1255,"comment_status":"open","ping_status":"closed","template":"","meta":[],"product_cat":[60,55],"product_tag":[],"class_list":{"0":"post-1254","1":"product","2":"type-product","3":"status-publish","4":"has-post-thumbnail","6":"product_cat-new-balance-proximos-lanzamientos","7":"product_cat-proximos-lanzamientos","9":"first","10":"onbackorder","11":"sold-individually","12":"shipping-taxable","13":"purchasable","14":"product-type-simple"},"_links":{"self":[{"href":"https:\/\/urbansoles.duckdns.org\/index.php?rest_route=\/wp\/v2\/product\/1254","targetHints":{"allow":["GET"]}}],"collection":[{"href":"https:\/\/urbansoles.duckdns.org\/index.php?rest_route=\/wp\/v2\/product"}],"about":[{"href":"https:\/\/urbansoles.duckdns.org\/index.php?rest_route=\/wp\/v2\/types\/product"}],"replies":[{"embeddable":true,"href":"https:\/\/urbansoles.duckdns.org\/index.php?rest_route=%2Fwp%2Fv2%2Fcomments&post=1254"}],"wp:featuredmedia":[{"embeddable":true,"href":"https:\/\/urbansoles.duckdns.org\/index.php?rest_route=\/wp\/v2\/media\/1255"}],"wp:attachment":[{"href":"https:\/\/urbansoles.duckdns.org\/index.php?rest_route=%2Fwp%2Fv2%2Fmedia&parent=1254"}],"wp:term":[{"taxonomy":"product_cat","embeddable":true,"href":"https:\/\/urbansoles.duckdns.org\/index.php?rest_route=%2Fwp%2Fv2%2Fproduct_cat&post=1254"},{"taxonomy":"product_tag","embeddable":true,"href":"https:\/\/urbansoles.duckdns.org\/index.php?rest_route=%2Fwp%2Fv2%2Fproduct_tag&post=1254"}],"curies":[{"name":"wp","href":"https:\/\/api.w.org\/{rel}","templated":true}]}}