{"id":1256,"date":"2024-01-27T23:25:38","date_gmt":"2024-01-27T22:25:38","guid":{"rendered":"http:\/\/urbansoles.duckdns.org\/?post_type=product&#038;p=1256"},"modified":"2024-01-27T23:26:04","modified_gmt":"2024-01-27T22:26:04","slug":"nike-presto-x-off-white","status":"publish","type":"product","link":"https:\/\/urbansoles.duckdns.org\/?product=nike-presto-x-off-white","title":{"rendered":"NIKE PRESTO X OFF WHITE"},"content":{"rendered":"<p>Las zapatillas Nike Presto x Off-White, que estar\u00e1n disponibles a partir del 20 de marzo, son la culminaci\u00f3n de la colaboraci\u00f3n entre Nike y el dise\u00f1ador Virgil Abloh. Con una est\u00e9tica deconstruida y detalles de costura que desaf\u00edan los l\u00edmites, estas zapatillas son un testimonio del estilo vanguardista y la innovaci\u00f3n en el dise\u00f1o de calzado. La parte superior de malla transpirable y las superposiciones sint\u00e9ticas proporcionan comodidad y soporte, mientras que las palabras \u00abAIR\u00bb y la etiqueta de la leng\u00fceta crean un toque distintivo. Prep\u00e1rate para destacar con estas zapatillas que fusionan el legado deportivo de Nike con la est\u00e9tica \u00fanica de Off-White.<\/p>\n","protected":false},"excerpt":{"rendered":"<p>Las zapatillas Nike Presto x Off-White, que estar\u00e1n disponibles a partir del 20 de marzo, son la culminaci\u00f3n de la colaboraci\u00f3n entre Nike y el dise\u00f1ador Virgil Abloh. Con una [&hellip;]<\/p>\n","protected":false},"featured_media":1257,"comment_status":"open","ping_status":"closed","template":"","meta":[],"product_cat":[56,55],"product_tag":[],"class_list":{"0":"post-1256","1":"product","2":"type-product","3":"status-publish","4":"has-post-thumbnail","6":"product_cat-nike-proximos-lanzamientos","7":"product_cat-proximos-lanzamientos","9":"first","10":"onbackorder","11":"sold-individually","12":"shipping-taxable","13":"purchasable","14":"product-type-variable"},"_links":{"self":[{"href":"https:\/\/urbansoles.duckdns.org\/index.php?rest_route=\/wp\/v2\/product\/1256","targetHints":{"allow":["GET"]}}],"collection":[{"href":"https:\/\/urbansoles.duckdns.org\/index.php?rest_route=\/wp\/v2\/product"}],"about":[{"href":"https:\/\/urbansoles.duckdns.org\/index.php?rest_route=\/wp\/v2\/types\/product"}],"replies":[{"embeddable":true,"href":"https:\/\/urbansoles.duckdns.org\/index.php?rest_route=%2Fwp%2Fv2%2Fcomments&post=1256"}],"wp:featuredmedia":[{"embeddable":true,"href":"https:\/\/urbansoles.duckdns.org\/index.php?rest_route=\/wp\/v2\/media\/1257"}],"wp:attachment":[{"href":"https:\/\/urbansoles.duckdns.org\/index.php?rest_route=%2Fwp%2Fv2%2Fmedia&parent=1256"}],"wp:term":[{"taxonomy":"product_cat","embeddable":true,"href":"https:\/\/urbansoles.duckdns.org\/index.php?rest_route=%2Fwp%2Fv2%2Fproduct_cat&post=1256"},{"taxonomy":"product_tag","embeddable":true,"href":"https:\/\/urbansoles.duckdns.org\/index.php?rest_route=%2Fwp%2Fv2%2Fproduct_tag&post=1256"}],"curies":[{"name":"wp","href":"https:\/\/api.w.org\/{rel}","templated":true}]}}