{"id":13,"date":"2019-04-18T11:08:42","date_gmt":"2019-04-18T11:08:42","guid":{"rendered":"https:\/\/envothemes.com\/envo-ecommerce\/product\/import-placeholder-for-39\/"},"modified":"2024-02-04T23:44:54","modified_gmt":"2024-02-04T22:44:54","slug":"adidas-classic-mochila","status":"publish","type":"product","link":"https:\/\/urbansoles.duckdns.org\/?product=adidas-classic-mochila","title":{"rendered":"ADIDAS CLASSIC MOCHILA"},"content":{"rendered":"<p>La mochila Adidas Classic destaca por su estilo minimalista y funcionalidad confiable. Fabricada con materiales duraderos, presenta un amplio compartimento principal y bolsillos adicionales para una organizaci\u00f3n eficiente. Las ic\u00f3nicas tres franjas de Adidas en contraste a\u00f1aden un toque distintivo. Perfecta para el d\u00eda a d\u00eda o aventuras urbanas<\/p>\n","protected":false},"excerpt":{"rendered":"<p>This is a variable product.<\/p>\n<p>Pellentesque arcu. Lorem ipsum dolor sit amet, consectetuer adipiscing elit. Sed elit dui, pellentesque a, faucibus vel, interdum nec, diam. Pellentesque ipsum. Etiam dui sem, fermentum vitae, sagittis id, malesuada in, quam. Sed ac dolor sit amet purus malesuada congue.<\/p>\n","protected":false},"featured_media":1497,"comment_status":"open","ping_status":"closed","template":"","meta":[],"product_cat":[35,43,36],"product_tag":[],"class_list":{"0":"post-13","1":"product","2":"type-product","3":"status-publish","4":"has-post-thumbnail","6":"product_cat-accesorios","7":"product_cat-adidas-2","8":"product_cat-mochilas","10":"first","11":"instock","12":"shipping-taxable","13":"purchasable","14":"product-type-simple"},"_links":{"self":[{"href":"https:\/\/urbansoles.duckdns.org\/index.php?rest_route=\/wp\/v2\/product\/13","targetHints":{"allow":["GET"]}}],"collection":[{"href":"https:\/\/urbansoles.duckdns.org\/index.php?rest_route=\/wp\/v2\/product"}],"about":[{"href":"https:\/\/urbansoles.duckdns.org\/index.php?rest_route=\/wp\/v2\/types\/product"}],"replies":[{"embeddable":true,"href":"https:\/\/urbansoles.duckdns.org\/index.php?rest_route=%2Fwp%2Fv2%2Fcomments&post=13"}],"wp:featuredmedia":[{"embeddable":true,"href":"https:\/\/urbansoles.duckdns.org\/index.php?rest_route=\/wp\/v2\/media\/1497"}],"wp:attachment":[{"href":"https:\/\/urbansoles.duckdns.org\/index.php?rest_route=%2Fwp%2Fv2%2Fmedia&parent=13"}],"wp:term":[{"taxonomy":"product_cat","embeddable":true,"href":"https:\/\/urbansoles.duckdns.org\/index.php?rest_route=%2Fwp%2Fv2%2Fproduct_cat&post=13"},{"taxonomy":"product_tag","embeddable":true,"href":"https:\/\/urbansoles.duckdns.org\/index.php?rest_route=%2Fwp%2Fv2%2Fproduct_tag&post=13"}],"curies":[{"name":"wp","href":"https:\/\/api.w.org\/{rel}","templated":true}]}}