{"id":14,"date":"2019-04-18T11:08:42","date_gmt":"2019-04-18T11:08:42","guid":{"rendered":"https:\/\/envothemes.com\/envo-ecommerce\/product\/import-placeholder-for-42\/"},"modified":"2024-02-10T23:17:48","modified_gmt":"2024-02-10T22:17:48","slug":"modern","status":"publish","type":"product","link":"https:\/\/urbansoles.duckdns.org\/?product=modern","title":{"rendered":"NIKE SB RPM"},"content":{"rendered":"<p>La mochila Nike SB RPM es un ejemplo de funcionalidad y estilo. Su dise\u00f1o resistente garantiza durabilidad con un toque de moda. Equipada con compartimentos m\u00faltiples para una organizaci\u00f3n eficiente y tecnolog\u00eda Nike Shield para resistencia al clima, esta mochila es esencial para quienes viven la vida urbana. Las correas ajustables y acolchadas ofrecen comodidad adicional, convirti\u00e9ndola en una opci\u00f3n imprescindible para aquellos que buscan un accesorio que combine moda y utilidad en su d\u00eda a d\u00eda.<\/p>\n","protected":false},"excerpt":{"rendered":"<p>La mochila Nike SB RPM es un ejemplo de funcionalidad y estilo. Su dise\u00f1o resistente garantiza durabilidad con un toque de moda. Equipada con compartimentos m\u00faltiples para una organizaci\u00f3n eficiente [&hellip;]<\/p>\n","protected":false},"featured_media":1505,"comment_status":"open","ping_status":"closed","template":"","meta":[],"product_cat":[35,82,77,36,41,81],"product_tag":[],"class_list":{"0":"post-14","1":"product","2":"type-product","3":"status-publish","4":"has-post-thumbnail","6":"product_cat-accesorios","7":"product_cat-accesorios-rebajas-2","8":"product_cat-accesorios-nike","9":"product_cat-mochilas","10":"product_cat-nike","11":"product_cat-rebajas-2","13":"first","14":"instock","15":"sale","16":"featured","17":"shipping-taxable","18":"purchasable","19":"product-type-simple"},"_links":{"self":[{"href":"https:\/\/urbansoles.duckdns.org\/index.php?rest_route=\/wp\/v2\/product\/14","targetHints":{"allow":["GET"]}}],"collection":[{"href":"https:\/\/urbansoles.duckdns.org\/index.php?rest_route=\/wp\/v2\/product"}],"about":[{"href":"https:\/\/urbansoles.duckdns.org\/index.php?rest_route=\/wp\/v2\/types\/product"}],"replies":[{"embeddable":true,"href":"https:\/\/urbansoles.duckdns.org\/index.php?rest_route=%2Fwp%2Fv2%2Fcomments&post=14"}],"wp:featuredmedia":[{"embeddable":true,"href":"https:\/\/urbansoles.duckdns.org\/index.php?rest_route=\/wp\/v2\/media\/1505"}],"wp:attachment":[{"href":"https:\/\/urbansoles.duckdns.org\/index.php?rest_route=%2Fwp%2Fv2%2Fmedia&parent=14"}],"wp:term":[{"taxonomy":"product_cat","embeddable":true,"href":"https:\/\/urbansoles.duckdns.org\/index.php?rest_route=%2Fwp%2Fv2%2Fproduct_cat&post=14"},{"taxonomy":"product_tag","embeddable":true,"href":"https:\/\/urbansoles.duckdns.org\/index.php?rest_route=%2Fwp%2Fv2%2Fproduct_tag&post=14"}],"curies":[{"name":"wp","href":"https:\/\/api.w.org\/{rel}","templated":true}]}}