{"id":1432,"date":"2024-02-04T13:54:46","date_gmt":"2024-02-04T12:54:46","guid":{"rendered":"http:\/\/urbansoles.duckdns.org\/?post_type=product&#038;p=1432"},"modified":"2024-02-06T14:56:41","modified_gmt":"2024-02-06T13:56:41","slug":"adidas-gorro-adicolor","status":"publish","type":"product","link":"https:\/\/urbansoles.duckdns.org\/?product=adidas-gorro-adicolor","title":{"rendered":"ADIDAS GORRO ADICOLOR"},"content":{"rendered":"<p>El gorro Adidas Adicolor fusiona estilo ic\u00f3nico con comodidad urbana. Confeccionado con materiales de alta calidad, presenta el inconfundible logo del tr\u00e9bol en el frente. Su dise\u00f1o vers\u00e1til y contempor\u00e1neo se adapta a cualquier atuendo, a\u00f1adiendo un toque deportivo y moderno a tu estilo diario. Dale un giro distintivo a tu look con este gorro que refleja la autenticidad y la esencia \u00fanica de Adidas.<\/p>\n","protected":false},"excerpt":{"rendered":"<p>El gorro Adidas Adicolor fusiona estilo ic\u00f3nico con comodidad urbana. Confeccionado con materiales de alta calidad, presenta el inconfundible logo del tr\u00e9bol en el frente. Su dise\u00f1o vers\u00e1til y contempor\u00e1neo [&hellip;]<\/p>\n","protected":false},"featured_media":1434,"comment_status":"open","ping_status":"closed","template":"","meta":[],"product_cat":[35,82,43,75,76,81],"product_tag":[],"class_list":{"0":"post-1432","1":"product","2":"type-product","3":"status-publish","4":"has-post-thumbnail","6":"product_cat-accesorios","7":"product_cat-accesorios-rebajas-2","8":"product_cat-adidas-2","9":"product_cat-gorros","10":"product_cat-gorros-adidas-2","11":"product_cat-rebajas-2","13":"first","14":"instock","15":"sale","16":"shipping-taxable","17":"purchasable","18":"product-type-simple"},"_links":{"self":[{"href":"https:\/\/urbansoles.duckdns.org\/index.php?rest_route=\/wp\/v2\/product\/1432","targetHints":{"allow":["GET"]}}],"collection":[{"href":"https:\/\/urbansoles.duckdns.org\/index.php?rest_route=\/wp\/v2\/product"}],"about":[{"href":"https:\/\/urbansoles.duckdns.org\/index.php?rest_route=\/wp\/v2\/types\/product"}],"replies":[{"embeddable":true,"href":"https:\/\/urbansoles.duckdns.org\/index.php?rest_route=%2Fwp%2Fv2%2Fcomments&post=1432"}],"wp:featuredmedia":[{"embeddable":true,"href":"https:\/\/urbansoles.duckdns.org\/index.php?rest_route=\/wp\/v2\/media\/1434"}],"wp:attachment":[{"href":"https:\/\/urbansoles.duckdns.org\/index.php?rest_route=%2Fwp%2Fv2%2Fmedia&parent=1432"}],"wp:term":[{"taxonomy":"product_cat","embeddable":true,"href":"https:\/\/urbansoles.duckdns.org\/index.php?rest_route=%2Fwp%2Fv2%2Fproduct_cat&post=1432"},{"taxonomy":"product_tag","embeddable":true,"href":"https:\/\/urbansoles.duckdns.org\/index.php?rest_route=%2Fwp%2Fv2%2Fproduct_tag&post=1432"}],"curies":[{"name":"wp","href":"https:\/\/api.w.org\/{rel}","templated":true}]}}