{"id":1438,"date":"2024-02-04T14:06:43","date_gmt":"2024-02-04T13:06:43","guid":{"rendered":"http:\/\/urbansoles.duckdns.org\/?post_type=product&#038;p=1438"},"modified":"2024-02-06T14:58:36","modified_gmt":"2024-02-06T13:58:36","slug":"crep-protect-eraser","status":"publish","type":"product","link":"https:\/\/urbansoles.duckdns.org\/?product=crep-protect-eraser","title":{"rendered":"CREP PROTECT ERASER"},"content":{"rendered":"<p>El Crep Protect Eraser es tu soluci\u00f3n instant\u00e1nea para eliminar manchas y marcas de tus zapatillas. Dise\u00f1ado con goma especial, este borrador suave pero efectivo es perfecto para limpiar delicadamente las \u00e1reas afectadas de tus zapatillas sin da\u00f1ar el material. Mant\u00e9n tus zapatillas siempre impecables con esta herramienta de limpieza r\u00e1pida y f\u00e1cil de usar.<\/p>\n","protected":false},"excerpt":{"rendered":"<p>El Crep Protect Eraser es tu soluci\u00f3n instant\u00e1nea para eliminar manchas y marcas de tus zapatillas. Dise\u00f1ado con goma especial, este borrador suave pero efectivo es perfecto para limpiar delicadamente [&hellip;]<\/p>\n","protected":false},"featured_media":1439,"comment_status":"open","ping_status":"closed","template":"","meta":[],"product_cat":[82,35,74,81],"product_tag":[],"class_list":{"0":"post-1438","1":"product","2":"type-product","3":"status-publish","4":"has-post-thumbnail","6":"product_cat-accesorios-rebajas-2","7":"product_cat-accesorios","8":"product_cat-crep-protect","9":"product_cat-rebajas-2","11":"first","12":"instock","13":"sale","14":"shipping-taxable","15":"purchasable","16":"product-type-simple"},"_links":{"self":[{"href":"https:\/\/urbansoles.duckdns.org\/index.php?rest_route=\/wp\/v2\/product\/1438","targetHints":{"allow":["GET"]}}],"collection":[{"href":"https:\/\/urbansoles.duckdns.org\/index.php?rest_route=\/wp\/v2\/product"}],"about":[{"href":"https:\/\/urbansoles.duckdns.org\/index.php?rest_route=\/wp\/v2\/types\/product"}],"replies":[{"embeddable":true,"href":"https:\/\/urbansoles.duckdns.org\/index.php?rest_route=%2Fwp%2Fv2%2Fcomments&post=1438"}],"wp:featuredmedia":[{"embeddable":true,"href":"https:\/\/urbansoles.duckdns.org\/index.php?rest_route=\/wp\/v2\/media\/1439"}],"wp:attachment":[{"href":"https:\/\/urbansoles.duckdns.org\/index.php?rest_route=%2Fwp%2Fv2%2Fmedia&parent=1438"}],"wp:term":[{"taxonomy":"product_cat","embeddable":true,"href":"https:\/\/urbansoles.duckdns.org\/index.php?rest_route=%2Fwp%2Fv2%2Fproduct_cat&post=1438"},{"taxonomy":"product_tag","embeddable":true,"href":"https:\/\/urbansoles.duckdns.org\/index.php?rest_route=%2Fwp%2Fv2%2Fproduct_tag&post=1438"}],"curies":[{"name":"wp","href":"https:\/\/api.w.org\/{rel}","templated":true}]}}