{"id":1454,"date":"2024-02-04T15:16:41","date_gmt":"2024-02-04T14:16:41","guid":{"rendered":"http:\/\/urbansoles.duckdns.org\/?post_type=product&#038;p=1454"},"modified":"2024-02-10T23:14:19","modified_gmt":"2024-02-10T22:14:19","slug":"nike-everyday","status":"publish","type":"product","link":"https:\/\/urbansoles.duckdns.org\/?product=nike-everyday","title":{"rendered":"NIKE EVERYDAY"},"content":{"rendered":"<p>Los calcetines Nike Everyday ofrecen comodidad y versatilidad para tu rutina diaria. Con un ajuste perfecto y suaves tejidos, estos calcetines son ideales para cualquier actividad. Su dise\u00f1o discreto pero elegante los convierte en la elecci\u00f3n perfecta para el uso diario. Ya sea en el trabajo, en el gimnasio o relaj\u00e1ndote en casa, los calcetines Nike Everyday te brindan el equilibrio perfecto entre estilo y funcionalidad, asegurando que te sientas bien en cada paso que das.<\/p>\n","protected":false},"excerpt":{"rendered":"<p>Los calcetines Nike Everyday ofrecen comodidad y versatilidad para tu rutina diaria. Con un ajuste perfecto y suaves tejidos, estos calcetines son ideales para cualquier actividad. Su dise\u00f1o discreto pero [&hellip;]<\/p>\n","protected":false},"featured_media":1462,"comment_status":"open","ping_status":"closed","template":"","meta":[],"product_cat":[77,35,38,41],"product_tag":[],"class_list":{"0":"post-1454","1":"product","2":"type-product","3":"status-publish","4":"has-post-thumbnail","6":"product_cat-accesorios-nike","7":"product_cat-accesorios","8":"product_cat-calcetines","9":"product_cat-nike","11":"first","12":"instock","13":"shipping-taxable","14":"purchasable","15":"product-type-variable"},"_links":{"self":[{"href":"https:\/\/urbansoles.duckdns.org\/index.php?rest_route=\/wp\/v2\/product\/1454","targetHints":{"allow":["GET"]}}],"collection":[{"href":"https:\/\/urbansoles.duckdns.org\/index.php?rest_route=\/wp\/v2\/product"}],"about":[{"href":"https:\/\/urbansoles.duckdns.org\/index.php?rest_route=\/wp\/v2\/types\/product"}],"replies":[{"embeddable":true,"href":"https:\/\/urbansoles.duckdns.org\/index.php?rest_route=%2Fwp%2Fv2%2Fcomments&post=1454"}],"wp:featuredmedia":[{"embeddable":true,"href":"https:\/\/urbansoles.duckdns.org\/index.php?rest_route=\/wp\/v2\/media\/1462"}],"wp:attachment":[{"href":"https:\/\/urbansoles.duckdns.org\/index.php?rest_route=%2Fwp%2Fv2%2Fmedia&parent=1454"}],"wp:term":[{"taxonomy":"product_cat","embeddable":true,"href":"https:\/\/urbansoles.duckdns.org\/index.php?rest_route=%2Fwp%2Fv2%2Fproduct_cat&post=1454"},{"taxonomy":"product_tag","embeddable":true,"href":"https:\/\/urbansoles.duckdns.org\/index.php?rest_route=%2Fwp%2Fv2%2Fproduct_tag&post=1454"}],"curies":[{"name":"wp","href":"https:\/\/api.w.org\/{rel}","templated":true}]}}