{"id":1477,"date":"2024-02-04T19:12:00","date_gmt":"2024-02-04T18:12:00","guid":{"rendered":"http:\/\/urbansoles.duckdns.org\/?post_type=product&#038;p=1477"},"modified":"2024-02-10T23:15:02","modified_gmt":"2024-02-10T22:15:02","slug":"new-balance-gorro-troy","status":"publish","type":"product","link":"https:\/\/urbansoles.duckdns.org\/?product=new-balance-gorro-troy","title":{"rendered":"NEW BALANCE GORRO TROY"},"content":{"rendered":"<p>El gorro New Balance Troy Beanie es la elecci\u00f3n perfecta para mantener el estilo y la calidez en los d\u00edas fr\u00edos. Confeccionado con materiales de alta calidad, ofrece comodidad y un ajuste perfecto. Su dise\u00f1o cl\u00e1sico y el logo de New Balance lo convierten en un accesorio imprescindible para cualquier armario este invierno.<\/p>\n","protected":false},"excerpt":{"rendered":"<p>El gorro New Balance Troy Beanie es la elecci\u00f3n perfecta para mantener el estilo y la calidez en los d\u00edas fr\u00edos. Confeccionado con materiales de alta calidad, ofrece comodidad y [&hellip;]<\/p>\n","protected":false},"featured_media":1478,"comment_status":"open","ping_status":"closed","template":"","meta":[],"product_cat":[79,35,75,45],"product_tag":[],"class_list":{"0":"post-1477","1":"product","2":"type-product","3":"status-publish","4":"has-post-thumbnail","6":"product_cat-accesorios-new-balance","7":"product_cat-accesorios","8":"product_cat-gorros","9":"product_cat-new-balance","11":"first","12":"instock","13":"shipping-taxable","14":"purchasable","15":"product-type-simple"},"_links":{"self":[{"href":"https:\/\/urbansoles.duckdns.org\/index.php?rest_route=\/wp\/v2\/product\/1477","targetHints":{"allow":["GET"]}}],"collection":[{"href":"https:\/\/urbansoles.duckdns.org\/index.php?rest_route=\/wp\/v2\/product"}],"about":[{"href":"https:\/\/urbansoles.duckdns.org\/index.php?rest_route=\/wp\/v2\/types\/product"}],"replies":[{"embeddable":true,"href":"https:\/\/urbansoles.duckdns.org\/index.php?rest_route=%2Fwp%2Fv2%2Fcomments&post=1477"}],"wp:featuredmedia":[{"embeddable":true,"href":"https:\/\/urbansoles.duckdns.org\/index.php?rest_route=\/wp\/v2\/media\/1478"}],"wp:attachment":[{"href":"https:\/\/urbansoles.duckdns.org\/index.php?rest_route=%2Fwp%2Fv2%2Fmedia&parent=1477"}],"wp:term":[{"taxonomy":"product_cat","embeddable":true,"href":"https:\/\/urbansoles.duckdns.org\/index.php?rest_route=%2Fwp%2Fv2%2Fproduct_cat&post=1477"},{"taxonomy":"product_tag","embeddable":true,"href":"https:\/\/urbansoles.duckdns.org\/index.php?rest_route=%2Fwp%2Fv2%2Fproduct_tag&post=1477"}],"curies":[{"name":"wp","href":"https:\/\/api.w.org\/{rel}","templated":true}]}}