{"id":18,"date":"2019-04-18T11:08:43","date_gmt":"2019-04-18T11:08:43","guid":{"rendered":"https:\/\/envothemes.com\/envo-ecommerce\/product\/import-placeholder-for-48\/"},"modified":"2024-02-10T23:16:55","modified_gmt":"2024-02-10T22:16:55","slug":"adidas-forum-low-bad-bunny","status":"publish","type":"product","link":"https:\/\/urbansoles.duckdns.org\/?product=adidas-forum-low-bad-bunny","title":{"rendered":"ADIDAS FORUM BAD BUNNY"},"content":{"rendered":"<p>Las zapatillas Adidas Forum Buckle Low Bad Bunny son una obra maestra de estilo y colaboraci\u00f3n. Inspiradas en la creatividad del \u00edcono del reguet\u00f3n, estas zapatillas fusionan la esencia urbana con detalles \u00fanicos. La parte superior de cuero premium destaca con el caracter\u00edstico logo de tres franjas de Adidas y detalles vibrantes. El toque distintivo lo aporta la hebilla ajustable en el tobillo, a\u00f1adiendo un giro moderno y personalizado al dise\u00f1o. La entresuela amortiguada brinda comodidad duradera. Estas zapatillas son la elecci\u00f3n perfecta para quienes buscan un calzado que celebre la individualidad y el estilo vanguardista de Bad Bunny<\/p>\n","protected":false},"excerpt":{"rendered":"<p>Las zapatillas Adidas Forum Buckle Low Bad Bunny son una obra maestra de estilo y colaboraci\u00f3n. Inspiradas en la creatividad del \u00edcono del reguet\u00f3n, estas zapatillas fusionan la esencia urbana [&hellip;]<\/p>\n","protected":false},"featured_media":735,"comment_status":"open","ping_status":"closed","template":"","meta":[],"product_cat":[43,40,44,23],"product_tag":[],"class_list":{"0":"post-18","1":"product","2":"type-product","3":"status-publish","4":"has-post-thumbnail","6":"product_cat-adidas-2","7":"product_cat-adidas","8":"product_cat-sneakers-adidas-2","9":"product_cat-sneakers","11":"first","12":"instock","13":"shipping-taxable","14":"purchasable","15":"product-type-simple"},"_links":{"self":[{"href":"https:\/\/urbansoles.duckdns.org\/index.php?rest_route=\/wp\/v2\/product\/18","targetHints":{"allow":["GET"]}}],"collection":[{"href":"https:\/\/urbansoles.duckdns.org\/index.php?rest_route=\/wp\/v2\/product"}],"about":[{"href":"https:\/\/urbansoles.duckdns.org\/index.php?rest_route=\/wp\/v2\/types\/product"}],"replies":[{"embeddable":true,"href":"https:\/\/urbansoles.duckdns.org\/index.php?rest_route=%2Fwp%2Fv2%2Fcomments&post=18"}],"wp:featuredmedia":[{"embeddable":true,"href":"https:\/\/urbansoles.duckdns.org\/index.php?rest_route=\/wp\/v2\/media\/735"}],"wp:attachment":[{"href":"https:\/\/urbansoles.duckdns.org\/index.php?rest_route=%2Fwp%2Fv2%2Fmedia&parent=18"}],"wp:term":[{"taxonomy":"product_cat","embeddable":true,"href":"https:\/\/urbansoles.duckdns.org\/index.php?rest_route=%2Fwp%2Fv2%2Fproduct_cat&post=18"},{"taxonomy":"product_tag","embeddable":true,"href":"https:\/\/urbansoles.duckdns.org\/index.php?rest_route=%2Fwp%2Fv2%2Fproduct_tag&post=18"}],"curies":[{"name":"wp","href":"https:\/\/api.w.org\/{rel}","templated":true}]}}