{"id":947,"date":"2024-01-14T19:28:51","date_gmt":"2024-01-14T18:28:51","guid":{"rendered":"http:\/\/urbansoles.duckdns.org\/?post_type=product&#038;p=947"},"modified":"2024-01-18T08:51:41","modified_gmt":"2024-01-18T07:51:41","slug":"air-force-1","status":"publish","type":"product","link":"https:\/\/urbansoles.duckdns.org\/?product=air-force-1","title":{"rendered":"NIKE AIR FORCE 1"},"content":{"rendered":"<p>Las zapatillas Air Force 1 de Nike son un emblema de legado e innovaci\u00f3n. Su dise\u00f1o \u00fanico con parte superior de cuero garantiza durabilidad y estilo ic\u00f3nico. La suela Air-Sole proporciona amortiguaci\u00f3n excepcional para una comodidad duradera. M\u00e1s que un calzado, las Air Force 1 han marcado la cultura sneaker y han evolucionado para convertirse en un \u00edcono de la moda urbana. Desde las calles hasta la pasarela, estas zapatillas representan una declaraci\u00f3n de estilo eterno y vers\u00e1til<\/p>\n","protected":false},"excerpt":{"rendered":"<p>Las zapatillas Air Force 1 de Nike son un emblema de legado e innovaci\u00f3n. Su dise\u00f1o \u00fanico con parte superior de cuero garantiza durabilidad y estilo ic\u00f3nico. La suela Air-Sole [&hellip;]<\/p>\n","protected":false},"featured_media":948,"comment_status":"open","ping_status":"closed","template":"","meta":[],"product_cat":[48,41,42,23],"product_tag":[],"class_list":{"0":"post-947","1":"product","2":"type-product","3":"status-publish","4":"has-post-thumbnail","6":"product_cat-nike-sneakers","7":"product_cat-nike","8":"product_cat-sneakers-nike","9":"product_cat-sneakers","11":"first","12":"instock","13":"shipping-taxable","14":"purchasable","15":"product-type-variable"},"_links":{"self":[{"href":"https:\/\/urbansoles.duckdns.org\/index.php?rest_route=\/wp\/v2\/product\/947","targetHints":{"allow":["GET"]}}],"collection":[{"href":"https:\/\/urbansoles.duckdns.org\/index.php?rest_route=\/wp\/v2\/product"}],"about":[{"href":"https:\/\/urbansoles.duckdns.org\/index.php?rest_route=\/wp\/v2\/types\/product"}],"replies":[{"embeddable":true,"href":"https:\/\/urbansoles.duckdns.org\/index.php?rest_route=%2Fwp%2Fv2%2Fcomments&post=947"}],"wp:featuredmedia":[{"embeddable":true,"href":"https:\/\/urbansoles.duckdns.org\/index.php?rest_route=\/wp\/v2\/media\/948"}],"wp:attachment":[{"href":"https:\/\/urbansoles.duckdns.org\/index.php?rest_route=%2Fwp%2Fv2%2Fmedia&parent=947"}],"wp:term":[{"taxonomy":"product_cat","embeddable":true,"href":"https:\/\/urbansoles.duckdns.org\/index.php?rest_route=%2Fwp%2Fv2%2Fproduct_cat&post=947"},{"taxonomy":"product_tag","embeddable":true,"href":"https:\/\/urbansoles.duckdns.org\/index.php?rest_route=%2Fwp%2Fv2%2Fproduct_tag&post=947"}],"curies":[{"name":"wp","href":"https:\/\/api.w.org\/{rel}","templated":true}]}}