{"id":954,"date":"2024-01-14T19:41:45","date_gmt":"2024-01-14T18:41:45","guid":{"rendered":"http:\/\/urbansoles.duckdns.org\/?post_type=product&#038;p=954"},"modified":"2024-02-12T18:21:36","modified_gmt":"2024-02-12T17:21:36","slug":"air-max-97","status":"publish","type":"product","link":"https:\/\/urbansoles.duckdns.org\/?product=air-max-97","title":{"rendered":"NIKE AIR MAX 97"},"content":{"rendered":"<p>Las zapatillas Air Max 97 de Nike representan la innovaci\u00f3n en su m\u00e1xima expresi\u00f3n. Con un dise\u00f1o futurista, la parte superior de malla y piel sint\u00e9tica ofrece un estilo distintivo. La tecnolog\u00eda de amortiguaci\u00f3n Max Air a lo largo de la suela proporciona comodidad excepcional y un impacto visual \u00fanico. Inspiradas en la velocidad de los trenes, las l\u00edneas onduladas capturan la esencia del dise\u00f1o moderno. Estas zapatillas son m\u00e1s que un calzado deportivo; son un \u00edcono de moda urbana que eleva tu estilo en cualquier entorno<\/p>\n","protected":false},"excerpt":{"rendered":"<p>Las zapatillas Air Max 97 de Nike representan la innovaci\u00f3n en su m\u00e1xima expresi\u00f3n. Con un dise\u00f1o futurista, la parte superior de malla y piel sint\u00e9tica ofrece un estilo distintivo. [&hellip;]<\/p>\n","protected":false},"featured_media":955,"comment_status":"open","ping_status":"closed","template":"","meta":[],"product_cat":[48,41,81,23,85,42],"product_tag":[],"class_list":{"0":"post-954","1":"product","2":"type-product","3":"status-publish","4":"has-post-thumbnail","6":"product_cat-nike-sneakers","7":"product_cat-nike","8":"product_cat-rebajas-2","9":"product_cat-sneakers","10":"product_cat-sneakers-rebajas-2","11":"product_cat-sneakers-nike","13":"first","14":"instock","15":"sale","16":"shipping-taxable","17":"purchasable","18":"product-type-simple"},"_links":{"self":[{"href":"https:\/\/urbansoles.duckdns.org\/index.php?rest_route=\/wp\/v2\/product\/954","targetHints":{"allow":["GET"]}}],"collection":[{"href":"https:\/\/urbansoles.duckdns.org\/index.php?rest_route=\/wp\/v2\/product"}],"about":[{"href":"https:\/\/urbansoles.duckdns.org\/index.php?rest_route=\/wp\/v2\/types\/product"}],"replies":[{"embeddable":true,"href":"https:\/\/urbansoles.duckdns.org\/index.php?rest_route=%2Fwp%2Fv2%2Fcomments&post=954"}],"wp:featuredmedia":[{"embeddable":true,"href":"https:\/\/urbansoles.duckdns.org\/index.php?rest_route=\/wp\/v2\/media\/955"}],"wp:attachment":[{"href":"https:\/\/urbansoles.duckdns.org\/index.php?rest_route=%2Fwp%2Fv2%2Fmedia&parent=954"}],"wp:term":[{"taxonomy":"product_cat","embeddable":true,"href":"https:\/\/urbansoles.duckdns.org\/index.php?rest_route=%2Fwp%2Fv2%2Fproduct_cat&post=954"},{"taxonomy":"product_tag","embeddable":true,"href":"https:\/\/urbansoles.duckdns.org\/index.php?rest_route=%2Fwp%2Fv2%2Fproduct_tag&post=954"}],"curies":[{"name":"wp","href":"https:\/\/api.w.org\/{rel}","templated":true}]}}